{"id":8780,"date":"2023-07-10T10:05:27","date_gmt":"2023-07-10T08:05:27","guid":{"rendered":"https:\/\/sell-fr.allu-official.com\/about-us\/"},"modified":"2026-03-18T04:15:19","modified_gmt":"2026-03-18T03:15:19","slug":"about-us","status":"publish","type":"page","link":"https:\/\/sell-fr.allu-official.com\/en\/about-us\/","title":{"rendered":"About Us"},"content":{"rendered":"\n<div class=\"p-visualText\">\n    <div class=\"p-visualText__inner\">\n        <figure class=\"p-visualText__imgArea\"><img loading=\"lazy\" decoding=\"async\" class=\"p-visualText__imgAreaImage\" src=\"https:\/\/sell-fr.allu-official.com\/wp-content\/themes\/allu-global\/assets\/img\/other\/about-us\/fr-kv.jpg\" alt=\"About Us\" width=\"1256\" height=\"778\"\/><\/figure>\n        <div class=\"p-visualText__textArea\">\n            <p class=\"p-visualText__title\">About Us<\/p>\n            <p class=\"p-visualText__lead\">\n                Our company is dedicated to the acquisition and enhancement of second-hand luxury items, giving new life to your precious belongings. We are committed to providing our clients around the world with exceptional service, competitive prices, and a unique selling experience.\n            <\/p>\n        <\/div>\n    <\/div>\n<\/div>\n\n\n\n<!--more-->\n\n\n\n<section class=\"p-aboutUs__section\">\n  <h2 class=\"p-aboutUs__title\">Who We Are<\/h2>\n  <p class=\"p-aboutUs__text\">\n    At ALLU, we showcase a sophisticated luxury buying service where our customers can experience Japanese hospitality, &#8216;Omotenashi&#8217;, through our consultations. Every interaction is infused with\n    respect, courtesy and an unwavering commitment to our customers. We place a great value on bringing satisfaction to every transaction in the hope that our customers make a new investment in\n    themselves that further brings new excitement and stimulation to their daily lives.\n  <\/p>\n  <div class=\"p-aboutUs__who\">\n    <div class=\"p-aboutUs__whoItem\">\n      <div class=\"p-aboutUs__whoImg\"><img loading=\"lazy\" decoding=\"async\" src=\"https:\/\/sell-fr.allu-official.com\/wp-content\/themes\/allu-global\/assets\/img\/other\/about-us\/002-japan.png\" alt=\"\" width=\"512\" height=\"512\" \/><\/div>\n      <div class=\"p-aboutUs__whoNumber\">2011<\/div>\n      <p class=\"p-aboutUs__whoText\">Founded in Japan<\/p>\n    <\/div>\n    <div class=\"p-aboutUs__whoItem\">\n      <div class=\"p-aboutUs__whoImg\"><img loading=\"lazy\" decoding=\"async\" src=\"https:\/\/sell-fr.allu-official.com\/wp-content\/themes\/allu-global\/assets\/img\/other\/about-us\/003-location.png\" alt=\"\" width=\"512\" height=\"512\" \/><\/div>\n      <div class=\"p-aboutUs__whoNumber\">165+<\/div>\n      <p class=\"p-aboutUs__whoText\">Stores in 17 countries<\/p>\n      <p class=\"p-aboutUs__whoText--small\">Japan, the UK, France, Singapore and so on.<\/p>\n    <\/div>\n    <div class=\"p-aboutUs__whoItem\">\n      <div class=\"p-aboutUs__whoImg\"><img loading=\"lazy\" decoding=\"async\" src=\"https:\/\/sell-fr.allu-official.com\/wp-content\/themes\/allu-global\/assets\/img\/other\/about-us\/001-employee.png\" alt=\"\" width=\"512\" height=\"512\" \/><\/div>\n      <div class=\"p-aboutUs__whoNumber\">850+<\/div>\n      <p class=\"p-aboutUs__whoText\">Employees<\/p>\n    <\/div>\n  <\/div>\n<\/section>\n\n\n\n<section class=\"p-aboutUs__section\"><h2 class=\"p-aboutUs__title\">Our Background<\/h2>\n  <div class=\"p-aboutUs__background\">\n    <figure class=\"p-aboutUs__backgroundFigure\"><figcaption class=\"p-aboutUs__backgroundText\"><h3 class=\"p-aboutUs__backgroundTitle\">OUR STORY<\/h3>\n        <p class=\"p-aboutUs__backgroundParagraph\">Originating as luxury goods trader &#8216;Nanboya&#8217; in Japan, our headquarters was established in December 2011 in Tokyo, Japan. In March 2018, the company was listed on the Tokyo Stock Exchange Mothers section. Ranked as No.1 in Japan for customer satisfaction, our service was rebranded as ALLU overseas and expanded to over 165 locations globally, including the UK, France, Singapore, Hong Kong, the USA and many more.   <\/p>\n      <\/figcaption><div class=\"p-aboutUs__backgroundImage u-textCenter\">\n        <img loading=\"lazy\" decoding=\"async\" alt=\"OUR STORY\" src=\"https:\/\/sell-fr.allu-official.com\/wp-content\/themes\/allu-global\/assets\/img\/other\/about-us\/our_story.jpg\" width=\"418\" height=\"231\"\/><\/div>\n    <\/figure><figure class=\"p-aboutUs__backgroundFigure\"><figcaption class=\"p-aboutUs__backgroundText\"><h3 class=\"p-aboutUs__backgroundTitle\">OUR CEO<\/h3>\n        <p class=\"p-aboutUs__backgroundParagraph\">&#8220;The <a href=\"https:\/\/www.valuence.inc\/en\/company\/#group_02\" target=\"_blank\">Valuence Group<\/a> started its reuse business in 2007 from a small store in Osaka. We, Valuence Group, started from a small buying office in Osaka in 2007. At that time, I myself worked as a concierge (appraiser), and I realized that customers value not only the value of goods, but also the stories and feelings behind them. It is not enough to simply put a price on an object, but to understand the value that each cutomer places on it in their own lives, and to respond to their essential needs. This has been our core philosophy since the time of our founding, and it has become one of the guiding principles of the Valuence Group.&#8221; &#8211; Shinsuke Sakimoto<\/p>\n      <\/figcaption><div class=\"p-aboutUs__backgroundImage u-textCenter\">\n        <img loading=\"lazy\" decoding=\"async\" alt=\"OUR STORY\" src=\"https:\/\/sell-fr.allu-official.com\/wp-content\/themes\/allu-global\/assets\/img\/other\/about-us\/our_ceo.jpg\" width=\"394\" height=\"255\"\/><\/div>\n    <\/figure><\/div>\n<\/section>\n\n\n\n<section class=\"p-aboutUs__order\">\n  <h2 class=\"p-aboutUs__title\">Why Choose ALLU?<\/h2>\n  <div class=\"p-aboutUs__orderHolder js-orderContainer\">\n    <article class=\"p-aboutUs__orderContent js-orderContent\">\n      <div class=\"p-aboutUs__orderTitle\">\n        <span class=\"p-aboutUs__orderNumber\">1<\/span>\n        <h3 class=\"p-aboutUs__orderTitle--h3\">High-Priced Competitive Offers<\/h3>\n      <\/div>\n      <div class=\"p-aboutUs__orderText\">\n        <p class=\"p-aboutUs__orderParagraph\">\n          Our extensive track record, constant monitoring and understanding of the market, and extensive sales channels allow us to offer unrivalled prices for your pre-owned luxury items.\n        <\/p>\n      <\/div>\n    <\/article>\n    <article class=\"p-aboutUs__orderContent js-orderContent\">\n      <div class=\"p-aboutUs__orderTitle\">\n        <span class=\"p-aboutUs__orderNumber\">2<\/span>\n        <h3 class=\"p-aboutUs__orderTitle--h3\">Instant Cash Payments<\/h3>\n      <\/div>\n      <div class=\"p-aboutUs__orderText\">\n        <p class=\"p-aboutUs__orderParagraph\">We ensure an immediate cash transaction, regardless of your item&#8217;s value. No waiting, just instant monetary satisfaction.<\/p>\n      <\/div>\n    <\/article>\n    <article class=\"p-aboutUs__orderContent js-orderContent\">\n      <div class=\"p-aboutUs__orderTitle\">\n        <span class=\"p-aboutUs__orderNumber\">3<\/span>\n        <h3 class=\"p-aboutUs__orderTitle--h3\">Wide Range of Items Accepted<\/h3>\n      <\/div>\n      <div class=\"p-aboutUs__orderText\">\n        <p class=\"p-aboutUs__orderParagraph\">\n          We welcome a broad spectrum of luxury items, from branded items such as watches, designer bags, jewellery, diamonds, gold and precious metals. In addition, we purchase antiques and\n          non-branded items. Please contact us if you are unsure if we can accommodate a specific item. In addition, we purchase antiques and non-branded items. Please contact us if you are unsure if\n          we can accommodate a specific item.\n        <\/p>\n      <\/div>\n    <\/article>\n    <article class=\"p-aboutUs__orderContent js-orderContent\">\n      <div class=\"p-aboutUs__orderTitle\">\n        <span class=\"p-aboutUs__orderNumber\">4<\/span>\n        <h3 class=\"p-aboutUs__orderTitle--h3\">Stylish Stores Designed for Privacy<\/h3>\n      <\/div>\n      <div class=\"p-aboutUs__orderText\">\n        <p class=\"p-aboutUs__orderParagraph\">\n          Our stores are designed to create a comfortable and seamless selling experience for our customers. Our customer space is separated into private rooms so that customers have complete\n          confidentiality during appraisals and consultations.\n        <\/p>\n      <\/div>\n    <\/article>\n    <article class=\"p-aboutUs__orderContent js-orderContent\">\n      <div class=\"p-aboutUs__orderTitle\">\n        <span class=\"p-aboutUs__orderNumber\">5<\/span>\n        <h3 class=\"p-aboutUs__orderTitle--h3\">Assured Confidentiality<\/h3>\n      <\/div>\n      <div class=\"p-aboutUs__orderText\">\n        <p class=\"p-aboutUs__orderParagraph\">\n          We prioritize your privacy and ensure top-tier security for all transactions. We conduct business with the utmost discretion. Complimentary Refreshments\n        <\/p>\n      <\/div>\n    <\/article>\n    <article class=\"p-aboutUs__orderContent js-orderContent\">\n      <div class=\"p-aboutUs__orderTitle\">\n        <span class=\"p-aboutUs__orderNumber\">6<\/span>\n        <h3 class=\"p-aboutUs__orderTitle--h3\">We offer complimentary refreshments<\/h3>\n      <\/div>\n      <div class=\"p-aboutUs__orderText\">\n        <p class=\"p-aboutUs__orderParagraph\">Relax with a snack or drink while we appraise items. to ensure you are comfortable during your in-store experience.<\/p>\n      <\/div>\n    <\/article>\n    <article class=\"p-aboutUs__orderContent js-orderContent\">\n      <div class=\"p-aboutUs__orderTitle\">\n        <span class=\"p-aboutUs__orderNumber\">7<\/span>\n        <h3 class=\"p-aboutUs__orderTitle--h3\">Des \u00e9valuations rapides et pr\u00e9cises<\/h3>\n      <\/div>\n      <div class=\"p-aboutUs__orderText\">\n        <p class=\"p-aboutUs__orderParagraph\">\n          We offer a fast and accurate assessment of your items, saving you time without compromising precision. Our Value Designers undergo thorough training and education, ensuring their ability to\n          determine domestic and international selling prices and product authenticity.\n        <\/p>\n      <\/div>\n    <\/article>\n    <article class=\"p-aboutUs__orderContent js-orderContent\">\n      <div class=\"p-aboutUs__orderTitle\">\n        <span class=\"p-aboutUs__orderNumber\">8<\/span>\n        <h3 class=\"p-aboutUs__orderTitle--h3\">Tailored to Meet Your Needs<\/h3>\n      <\/div>\n      <div class=\"p-aboutUs__orderText\">\n        <div class=\"p-aboutUs__orderRow\">\n          <div class=\"p-aboutUs__orderCol\">\n            <h4 class=\"p-aboutUs__orderTitle--h4\">Sell In-Store<\/h4>\n            <p class=\"p-aboutUs__orderParagraph\">For customers who wish to have a face-to-face consultation with our staff at one of our store locations.<\/p>\n            <a class=\"p-aboutUs__orderContent__btnLink--FR\" href=\"https:\/\/sell-fr.allu-official.com\/en\/store-service\/\">Learn More<\/a>\n          <\/div>\n        <\/div>\n        <div class=\"p-aboutUs__orderRow\">\n          <div class=\"p-aboutUs__orderCol\">\n            <h4 class=\"p-aboutUs__orderTitle--h4\">Sell at Your Home<\/h4>\n            <p class=\"p-aboutUs__orderParagraph\">\n              For customers who prefer to avoid sending their items but are unable to bring them to a store, such as having numerous items too heavy to transport or wanting to sell numerous items\n              together.\n            <\/p>\n            <a class=\"p-aboutUs__orderContent__btnLink--FR\" href=\"https:\/\/sell-fr.allu-official.com\/en\/home-service\/\">Learn More<\/a>\n          <\/div>\n        <\/div>\n      <\/div>\n    <\/article>\n    <article class=\"p-aboutUs__orderContent customer-support js-orderContent\">\n      <div class=\"p-aboutUs__orderTitle\">\n        <span class=\"p-aboutUs__orderNumber\">9<\/span>\n        <h3 class=\"p-aboutUs__orderTitle--h3\">Special Promotions<\/h3>\n      <\/div>\n      <div class=\"p-aboutUs__orderText\">\n        <p class=\"p-aboutUs__orderParagraph\">We offer various seasonal campaigns and holiday events, including selling price increases!<\/p>\n      <\/div>\n    <\/article>\n    <article class=\"p-aboutUs__orderContent js-orderContent\">\n      <div class=\"p-aboutUs__orderTitle\">\n        <span class=\"p-aboutUs__orderNumber\">10<\/span>\n        <h3 class=\"p-aboutUs__orderTitle--h3\">Japanese Hospitality<\/h3>\n      <\/div>\n      <div class=\"p-aboutUs__orderText\">\n        <p class=\"p-aboutUs__orderParagraph\">\n          Experience Japanese hospitality, &#8216;Omotenashi&#8217;, through our services. Every interaction is infused with respect, courtesy and an unwavering commitment to service.\n        <\/p>\n      <\/div>\n    <\/article>\n    <div class=\"p-aboutUs__btnMore js-orderContentShowMore\"><span class=\"p-aboutUs__btnMoreIcon\"><\/span>View More<\/div>\n  <\/div>\n<\/section>\n\n\n<div class=\"lazyblock-personalid-Z1OVPT8 wp-block-lazyblock-personalid\"><div class=\"p-personalId\">\n  <p class=\"p-personalId__title\">\n        <span class=\"p-personalId__titleText\">You Only Need an I.D. to Sell at ALLU!<\/span>\n      <\/p>\n  <div class=\"p-personalId__body\">\n    <div class=\"p-personalId__box\">\n      <div class=\"p-personalId__boxTitle\">Required Form of Identification<\/div>\n      <ul class=\"p-personalId__boxList\">\n                <li class=\"p-personalId__boxItem\">Driver&#039;s Licence<\/li>\n        <li class=\"p-personalId__boxItem\">Passport<\/li>\n              <\/ul>\n    <\/div>\n    <ul class=\"p-personalId__notesList\">\n      <li class=\"p-personalId__notesItem--red\">Only one of the above forms of identification is required.<\/li>\n      <li class=\"p-personalId__notesItem--red\">We can not buy items from customers under the age of 18 years old.<\/li>\n      <li class=\"p-personalId__notesItem u-onlyPc\">We do not accept identification documents that are expired or out-of-date.<\/li>\n      <li class=\"p-personalId__notesItem u-onlyPc\">Corporate customers follow the same selling process as individual customers. No additional documentation is required.<\/li>\n    <\/ul>\n    <a href=\"\/faq\/\" class=\"p-personalId__btn\">Visit our FAQ section for more information<\/a>\n  <\/div><!-- \/.p-personalId__body -->\n<\/div><\/div>\n\n<div class=\"lazyblock-storeinformation-Z2rDaF wp-block-lazyblock-storeinformation\"><section class=\"p-storeInformation\" id=\"shop-list\"><div class=\"p-storeInformation__inner\"><h2 class=\"p-storeInformation__title\">Sell your luxury articles in our different offices in Paris<\/h2><ul class=\"p-storeInformation__list\"><li class=\"p-storeInformation__item\"><div class=\"p-storeInformation__itemImgArea\"><img loading=\"lazy\" decoding=\"async\" class=\"p-storeInformation__itemImg\" alt=\"3th floor of the Regus office, 81 rue de France, Nice, France \" width=\"1280\" height=\"853\" src=\"\/wp-content\/uploads\/2025\/11\/Allu-Saint-Honore-www.ysoprod.com-6240x4160-14-sur-19.jpg\"><\/div><div class=\"p-storeInformation__itemBody\"><h3 class=\"p-storeInformation__itemTitle\">ALLU Nice<\/h3><address class=\"p-storeInformation__itemAddress\">3th floor of the Regus office, 81 rue de France, Nice, France <\/address><div class=\"p-storeInformation__itemBtnArea\"><a class=\"p-storeInformation__itemBtn\" href=\"https:\/\/sell-fr.allu-official.com\/en\/shop\/nice-shop\/\">View ALLU Nice Details<\/a><\/div><\/div><\/li><li class=\"p-storeInformation__item\"><div class=\"p-storeInformation__itemImgArea\"><img loading=\"lazy\" decoding=\"async\" class=\"p-storeInformation__itemImg\" alt=\"On the first floor of the shopping center, rue de l'Annociation entrance, 53 rue de Passy, 75016 Paris, France\" width=\"1280\" height=\"853\" src=\"\/wp-content\/uploads\/2024\/09\/Passy1.jpg\"><\/div><div class=\"p-storeInformation__itemBody\"><h3 class=\"p-storeInformation__itemTitle\">ALLU Passy Plaza<\/h3><address class=\"p-storeInformation__itemAddress\">On the first floor of the shopping center, rue de l&#8217;Annociation entrance, 53 rue de Passy, 75016 Paris, France<\/address><div class=\"p-storeInformation__itemBtnArea\"><a class=\"p-storeInformation__itemBtn\" href=\"https:\/\/sell-fr.allu-official.com\/en\/shop\/allu-passy-plaza\/\">View ALLU Passy Plaza Details<\/a><\/div><\/div><\/li><li class=\"p-storeInformation__item\"><div class=\"p-storeInformation__itemImgArea\"><img loading=\"lazy\" decoding=\"async\" class=\"p-storeInformation__itemImg\" alt=\"3 Rue du Faubourg Saint-Honor\u00e9 2\u00e8me \u00e9tage, 75008 Paris, France\" width=\"1280\" height=\"960\" src=\"\/wp-content\/uploads\/2023\/08\/FR-ALLU-Faubourg-Saint-Honore_1.jpg\"><\/div><div class=\"p-storeInformation__itemBody\"><h3 class=\"p-storeInformation__itemTitle\">Faubourg Saint-Honor\u00e9 Shop<\/h3><address class=\"p-storeInformation__itemAddress\">3 Rue du Faubourg Saint-Honor\u00e9 2\u00e8me \u00e9tage, 75008 Paris, France<\/address><div class=\"p-storeInformation__itemBtnArea\"><a class=\"p-storeInformation__itemBtn\" href=\"https:\/\/sell-fr.allu-official.com\/en\/shop\/faubourg-saint-honore-shop\/\">View Faubourg Saint-Honor\u00e9 Shop Details<\/a><\/div><\/div><\/li><\/ul><\/div><\/section><\/div>\n\n<div class=\"lazyblock-cta-1xqLQk wp-block-lazyblock-cta\"><div class=\"p-cta\">\n  <div class=\"p-cta__inner\">\n    <div class=\"p-cta__title\">\n            <p class=\"p-cta__titleBalloon\">How to Sell<\/p>\n            <p class=\"p-cta__titleText\">How to Sell Luxury Goods at ALLU<\/p>\n    <\/div>\n    <ul class=\"p-cta__list\">\n      <li class=\"p-cta__listItem--shop\">\n        <a href=\"\/en\/store-service\/\" class=\"p-cta__listLink--shop\">\n          <p class=\"p-cta__listLinkIcon\"><img decoding=\"async\" class=\"p-cta__listLinkIconImg\" alt=\"Sell to Store\" src=\"https:\/\/sell-fr.allu-official.com\/wp-content\/themes\/allu-global\/assets\/img\/common\/icon_cta_store.svg\"><\/p>\n          <div class=\"p-cta__listLinkBox\">\n            <p class=\"p-cta__listLinkTitle\">Sell at Store<\/p>\n            <p class=\"p-cta__listLinkSub\">The quickest way to get cash<\/p>\n          <\/div>\n          <div class=\"p-cta__listLinkArrow\"><\/div>\n        <\/a>\n      <\/li>\n            <li class=\"p-cta__listItem--homeService\">\n        <a href=\"\/en\/home-service\/\" class=\"p-cta__listLink--homeService\">\n          <p class=\"p-cta__listLinkIcon\"><img decoding=\"async\" class=\"p-cta__listLinkIconImg\" alt=\"Sell at Home\" src=\"https:\/\/sell-fr.allu-official.com\/wp-content\/themes\/allu-global\/assets\/img\/common\/icon_cta_home.svg\"><\/p>\n          <div class=\"p-cta__listLinkBox\">\n            <p class=\"p-cta__listLinkTitle\">Sell at Home<\/p>\n            <p class=\"p-cta__listLinkSub\">Sell in the comfort of your home<\/p>\n          <\/div>\n          <div class=\"p-cta__listLinkArrow\"><\/div>\n        <\/a>\n      <\/li>\n                  <li class=\"p-cta__listItem--delivery\">\n        <a href=\"\/en\/delivery-service\/\" class=\"p-cta__listLink--delivery\" rel=\"noopener\">\n          <p class=\"p-cta__listLinkIcon\"><img decoding=\"async\" class=\"p-cta__listLinkIconImg\" alt=\"Sell by Shipping\" src=\"https:\/\/sell-fr.allu-official.com\/wp-content\/themes\/allu-global\/assets\/img\/common\/icon_cta_delivery.svg\"><\/p>\n          <div class=\"p-cta__listLinkBox\">\n            <p class=\"p-cta__listLinkTitle\">Delivery service<\/p>\n            <p class=\"p-cta__listLinkSub\">Send us your items and ask for remote assessment<\/p>\n          <\/div>\n          <div class=\"p-cta__listLinkArrow\"><\/div>\n        <\/a>\n      <\/li>\n            <li class=\"p-cta__listItem--whats\">\n                <a target=\"_blank\" href=\"https:\/\/api.whatsapp.com\/send?phone=33619259635&#038;text=Bonjour%2C%20je%20souhaite%20prendre%20rendez-vous%20dans%20votre%20bureau%20d%27achat%20pour%20vendre%20mes%20articles%20de%20luxe.\" class=\"p-cta__listLink--whats\">\n          <p class=\"p-cta__listLinkIcon\"><img decoding=\"async\" class=\"p-cta__listLinkIconImg\" alt=\"Chat on WhatsApp\" src=\"https:\/\/sell-fr.allu-official.com\/wp-content\/themes\/allu-global\/assets\/img\/common\/icon_cta_sns.svg\"><\/p>\n          <div class=\"p-cta__listLinkBox\">\n            <p class=\"p-cta__listLinkTitle\">Chat on WhatsApp<\/p>\n            <p class=\"p-cta__listLinkSub\">Contact Us<\/p>\n          <\/div>\n          <div class=\"p-cta__listLinkArrow\"><\/div>\n        <\/a>\n              <\/li>\n    <\/ul>\n  <\/div>\n<\/div><\/div>","protected":false},"excerpt":{"rendered":"<p>About Us Our company is dedicated to the acquisition and enhancement of second-hand luxury items, giving new life to your precious belongings. We are committed to providing our clients around the world with exceptional service, competitive prices, and a unique selling experience.<\/p>\n","protected":false},"author":1,"featured_media":0,"parent":0,"menu_order":0,"comment_status":"closed","ping_status":"closed","template":"","meta":{"_acf_changed":false,"footnotes":""},"class_list":["post-8780","page","type-page","status-publish","hentry"],"acf":[],"aioseo_notices":[],"_links":{"self":[{"href":"https:\/\/sell-fr.allu-official.com\/en\/wp-json\/wp\/v2\/pages\/8780","targetHints":{"allow":["GET"]}}],"collection":[{"href":"https:\/\/sell-fr.allu-official.com\/en\/wp-json\/wp\/v2\/pages"}],"about":[{"href":"https:\/\/sell-fr.allu-official.com\/en\/wp-json\/wp\/v2\/types\/page"}],"author":[{"embeddable":true,"href":"https:\/\/sell-fr.allu-official.com\/en\/wp-json\/wp\/v2\/users\/1"}],"replies":[{"embeddable":true,"href":"https:\/\/sell-fr.allu-official.com\/en\/wp-json\/wp\/v2\/comments?post=8780"}],"version-history":[{"count":7,"href":"https:\/\/sell-fr.allu-official.com\/en\/wp-json\/wp\/v2\/pages\/8780\/revisions"}],"predecessor-version":[{"id":12462,"href":"https:\/\/sell-fr.allu-official.com\/en\/wp-json\/wp\/v2\/pages\/8780\/revisions\/12462"}],"wp:attachment":[{"href":"https:\/\/sell-fr.allu-official.com\/en\/wp-json\/wp\/v2\/media?parent=8780"}],"curies":[{"name":"wp","href":"https:\/\/api.w.org\/{rel}","templated":true}]}}