{"id":8782,"date":"2023-07-10T09:46:35","date_gmt":"2023-07-10T07:46:35","guid":{"rendered":"https:\/\/sell-fr.allu-official.com\/sitemap\/"},"modified":"2025-04-17T08:37:47","modified_gmt":"2025-04-17T06:37:47","slug":"sitemap","status":"publish","type":"page","link":"https:\/\/sell-fr.allu-official.com\/en\/sitemap\/","title":{"rendered":"Sitemap"},"content":{"rendered":"\n<!--more-->\n\n\n\n<div class=\"wp-block-group p-sitemap\"><div class=\"wp-block-group__inner-container is-layout-constrained wp-block-group-is-layout-constrained\">\n<h1 class=\"p-sitemap__title\">Sitemap \u2013 Sell Your Branded Goods at ALLU<\/h1>\n\n\n\n<div class=\"p-sitemap__wrapper\">\n  <h2 class=\"p-sitemap__subtitle\">TOP<\/h2>\n  <ul class=\"p-sitemap__list\">\n    <li class=\"p-sitemap__listItem\"><a class=\"p-sitemap__listLink\" href=\"\/\">Brands TOP<\/a><\/li>\n  <\/ul>\n<\/div>\n\n\n\n<div class=\"p-sitemap__wrapper\">\n  <h2 class=\"p-sitemap__subtitle\">Item List<\/h2>\n  <h3 class=\"p-sitemap__listLabel\">Search by Brand<\/h3>\n  <ul class=\"p-sitemap__list\">\n    <li class=\"p-sitemap__listItem\"><a href=\"https:\/\/sell-fr.allu-official.com\/en\/balenciaga\/\" class=\"p-sitemap__listLink\">Balenciaga<\/a><\/li>\n    <li class=\"p-sitemap__listItem\"><a href=\"https:\/\/sell-fr.allu-official.com\/en\/bulgari\/\" class=\"p-sitemap__listLink\">Bulgari<\/a><\/li>\n    <li class=\"p-sitemap__listItem\"><a href=\"https:\/\/sell-fr.allu-official.com\/en\/cartier\/\" class=\"p-sitemap__listLink\">Cartier<\/a><\/li>\n    <li class=\"p-sitemap__listItem\"><a href=\"https:\/\/sell-fr.allu-official.com\/en\/celine\/\" class=\"p-sitemap__listLink\">Celine<\/a><\/li>\n    <li class=\"p-sitemap__listItem\"><a href=\"https:\/\/sell-fr.allu-official.com\/en\/chanel\/\" class=\"p-sitemap__listLink\">Chanel<\/a><\/li>\n    <li class=\"p-sitemap__listItem\"><a href=\"https:\/\/sell-fr.allu-official.com\/en\/chopard\/\" class=\"p-sitemap__listLink\">Chopard<\/a><\/li>\n    <li class=\"p-sitemap__listItem\"><a href=\"https:\/\/sell-fr.allu-official.com\/en\/chrome-hearts\/\" class=\"p-sitemap__listLink\">Chrome Hearts<\/a><\/li>\n    <li class=\"p-sitemap__listItem\"><a href=\"https:\/\/sell-fr.allu-official.com\/en\/dior\/\" class=\"p-sitemap__listLink\">Christian Dior<\/a><\/li>\n    <li class=\"p-sitemap__listItem\"><a href=\"https:\/\/sell-fr.allu-official.com\/en\/fendi\/\" class=\"p-sitemap__listLink\">Fendi<\/a><\/li>\n    <li class=\"p-sitemap__listItem\"><a href=\"https:\/\/sell-fr.allu-official.com\/en\/franckmuller\/\" class=\"p-sitemap__listLink\">Franck Muller<\/a><\/li>\n    <li class=\"p-sitemap__listItem\"><a href=\"https:\/\/sell-fr.allu-official.com\/en\/gucci\/\" class=\"p-sitemap__listLink\">Gucci<\/a><\/li>\n    <li class=\"p-sitemap__listItem\"><a href=\"https:\/\/sell-fr.allu-official.com\/en\/harrywinston\/\" class=\"p-sitemap__listLink\">Harry Winston<\/a><\/li>\n    <li class=\"p-sitemap__listItem\"><a href=\"https:\/\/sell-fr.allu-official.com\/en\/hermes\/\" class=\"p-sitemap__listLink\">Herm\u00e8s<\/a><\/li>\n    <li class=\"p-sitemap__listItem\"><a href=\"https:\/\/sell-fr.allu-official.com\/en\/loewe\/\" class=\"p-sitemap__listLink\">Loewe<\/a><\/li>\n    <li class=\"p-sitemap__listItem\"><a href=\"https:\/\/sell-fr.allu-official.com\/en\/louis-vuitton\/\" class=\"p-sitemap__listLink\">Louis Vuitton<\/a><\/li>\n    <li class=\"p-sitemap__listItem\"><a href=\"https:\/\/sell-fr.allu-official.com\/en\/moncler\/\" class=\"p-sitemap__listLink\">Moncler<\/a><\/li>\n    <li class=\"p-sitemap__listItem\"><a href=\"https:\/\/sell-fr.allu-official.com\/en\/piaget\/\" class=\"p-sitemap__listLink\">Piaget<\/a><\/li>\n    <li class=\"p-sitemap__listItem\"><a href=\"https:\/\/sell-fr.allu-official.com\/en\/prada\/\" class=\"p-sitemap__listLink\">Prada<\/a><\/li>\n    <li class=\"p-sitemap__listItem\"><a href=\"https:\/\/sell-fr.allu-official.com\/en\/tiffany\/\" class=\"p-sitemap__listLink\">Tiffany &#038; Co.<\/a><\/li>\n    <li class=\"p-sitemap__listItem\"><a href=\"https:\/\/sell-fr.allu-official.com\/en\/vacheron-constantin\/\" class=\"p-sitemap__listLink\">Vacheron Constantin<\/a><\/li>\n  <\/ul>\n<\/div>\n\n\n\n<div class=\"p-sitemap__wrapper\">\n  <h2 class=\"p-sitemap__subtitle\">Sell to ALLU<\/h2>\n  <ul class=\"p-sitemap__list\">\n    <li class=\"p-sitemap__listItem\"><a class=\"p-sitemap__listLink\" href=\"https:\/\/sell-fr.allu-official.com\/en\/store-service\/\">Sell at Our Store<\/a><\/li>\n    <li class=\"p-sitemap__listItem\"><a class=\"p-sitemap__listLink\" href=\"https:\/\/sell-fr.allu-official.com\/en\/home-service\/\">About Us<\/a><\/li>\n  <\/ul>\n<\/div>\n\n\n<div class=\"lazyblock-storeinformation-ZGdRn3 wp-block-lazyblock-storeinformation\"><section class=\"p-storeInformation\" id=\"shop-list\"><div class=\"p-storeInformation__inner\"><h2 class=\"p-storeInformation__title\">Sell your luxury articles in our different offices in Paris<\/h2><ul class=\"p-storeInformation__list\"><li class=\"p-storeInformation__item\"><div class=\"p-storeInformation__itemImgArea\"><img loading=\"lazy\" decoding=\"async\" class=\"p-storeInformation__itemImg\" alt=\"3th floor of the Regus office, 81 rue de France, Nice, France \" width=\"1280\" height=\"853\" src=\"\/wp-content\/uploads\/2025\/11\/Allu-Saint-Honore-www.ysoprod.com-6240x4160-14-sur-19.jpg\"><\/div><div class=\"p-storeInformation__itemBody\"><h3 class=\"p-storeInformation__itemTitle\">ALLU Nice<\/h3><address class=\"p-storeInformation__itemAddress\">3th floor of the Regus office, 81 rue de France, Nice, France <\/address><div class=\"p-storeInformation__itemBtnArea\"><a class=\"p-storeInformation__itemBtn\" href=\"https:\/\/sell-fr.allu-official.com\/en\/shop\/nice-shop\/\">View ALLU Nice Details<\/a><\/div><\/div><\/li><li class=\"p-storeInformation__item\"><div class=\"p-storeInformation__itemImgArea\"><img loading=\"lazy\" decoding=\"async\" class=\"p-storeInformation__itemImg\" alt=\"On the first floor of the shopping center, rue de l'Annociation entrance, 53 rue de Passy, 75016 Paris, France\" width=\"1280\" height=\"853\" src=\"\/wp-content\/uploads\/2024\/09\/Passy1.jpg\"><\/div><div class=\"p-storeInformation__itemBody\"><h3 class=\"p-storeInformation__itemTitle\">ALLU Passy Plaza<\/h3><address class=\"p-storeInformation__itemAddress\">On the first floor of the shopping center, rue de l&#8217;Annociation entrance, 53 rue de Passy, 75016 Paris, France<\/address><div class=\"p-storeInformation__itemBtnArea\"><a class=\"p-storeInformation__itemBtn\" href=\"https:\/\/sell-fr.allu-official.com\/en\/shop\/allu-passy-plaza\/\">View ALLU Passy Plaza Details<\/a><\/div><\/div><\/li><li class=\"p-storeInformation__item\"><div class=\"p-storeInformation__itemImgArea\"><img loading=\"lazy\" decoding=\"async\" class=\"p-storeInformation__itemImg\" alt=\"3 Rue du Faubourg Saint-Honor\u00e9 2\u00e8me \u00e9tage, 75008 Paris, France\" width=\"1280\" height=\"960\" src=\"\/wp-content\/uploads\/2023\/08\/FR-ALLU-Faubourg-Saint-Honore_1.jpg\"><\/div><div class=\"p-storeInformation__itemBody\"><h3 class=\"p-storeInformation__itemTitle\">Faubourg Saint-Honor\u00e9 Shop<\/h3><address class=\"p-storeInformation__itemAddress\">3 Rue du Faubourg Saint-Honor\u00e9 2\u00e8me \u00e9tage, 75008 Paris, France<\/address><div class=\"p-storeInformation__itemBtnArea\"><a class=\"p-storeInformation__itemBtn\" href=\"https:\/\/sell-fr.allu-official.com\/en\/shop\/faubourg-saint-honore-shop\/\">View Faubourg Saint-Honor\u00e9 Shop Details<\/a><\/div><\/div><\/li><\/ul><\/div><\/section><\/div>\n\n\n<div class=\"p-sitemap__wrapper\">\n  <h2 class=\"p-sitemap__subtitle\">About ALLU<\/h2>\n  <ul class=\"p-sitemap__list\">\n    <li class=\"p-sitemap__listItem\"><a class=\"p-sitemap__listLink\" href=\"https:\/\/sell-fr.allu-official.com\/en\/faq\/\">FAQ<\/a><\/li>\n    <li class=\"p-sitemap__listItem\"><a class=\"p-sitemap__listLink\" href=\"https:\/\/sell-fr.allu-official.com\/en\/about-us\/\">About Us<\/a><\/li>\n    <li class=\"p-sitemap__listItem\"><a class=\"p-sitemap__listLink\" href=\"https:\/\/sell-fr.allu-official.com\/en\/customer-review\/\">Customer Reviews<\/a><\/li>\n    <li class=\"p-sitemap__listItem\"><a class=\"p-sitemap__listLink\" href=\"https:\/\/sell-fr.allu-official.com\/en\/company\/\">Company Profile<\/a><\/li>\n    <!-- <li class=\"p-sitemap__listItem\"><a class=\"p-sitemap__listLink broken_link\" href=\"https:\/\/sell-fr.allu-official.com\/en\/value-designer\/\">Value Designer<\/a><\/li>\n    <li class=\"p-sitemap__listItem\"><a class=\"p-sitemap__listLink broken_link\" href=\"https:\/\/sell-fr.allu-official.com\/en\/sustainability\/\">Sustainability<\/a><\/li> -->\n    <!-- <li class=\"p-sitemap__listItem\"><a class=\"p-sitemap__listLink broken_link\" href=\"https:\/\/sell-fr.allu-official.com\/en\/contact\/\">Contact Us<\/a><\/li> -->\n    <li class=\"p-sitemap__listItem\"><a class=\"p-sitemap__listLink\" href=\"https:\/\/sell-fr.allu-official.com\/en\/recommended-browser\/\">Recommended Browsers<\/a><\/li>\n  <\/ul>\n<\/div>\n<\/div><\/div>\n","protected":false},"excerpt":{"rendered":"","protected":false},"author":1,"featured_media":0,"parent":0,"menu_order":0,"comment_status":"closed","ping_status":"closed","template":"","meta":{"_acf_changed":false,"footnotes":""},"class_list":["post-8782","page","type-page","status-publish","hentry"],"acf":[],"aioseo_notices":[],"_links":{"self":[{"href":"https:\/\/sell-fr.allu-official.com\/en\/wp-json\/wp\/v2\/pages\/8782","targetHints":{"allow":["GET"]}}],"collection":[{"href":"https:\/\/sell-fr.allu-official.com\/en\/wp-json\/wp\/v2\/pages"}],"about":[{"href":"https:\/\/sell-fr.allu-official.com\/en\/wp-json\/wp\/v2\/types\/page"}],"author":[{"embeddable":true,"href":"https:\/\/sell-fr.allu-official.com\/en\/wp-json\/wp\/v2\/users\/1"}],"replies":[{"embeddable":true,"href":"https:\/\/sell-fr.allu-official.com\/en\/wp-json\/wp\/v2\/comments?post=8782"}],"version-history":[{"count":3,"href":"https:\/\/sell-fr.allu-official.com\/en\/wp-json\/wp\/v2\/pages\/8782\/revisions"}],"predecessor-version":[{"id":10264,"href":"https:\/\/sell-fr.allu-official.com\/en\/wp-json\/wp\/v2\/pages\/8782\/revisions\/10264"}],"wp:attachment":[{"href":"https:\/\/sell-fr.allu-official.com\/en\/wp-json\/wp\/v2\/media?parent=8782"}],"curies":[{"name":"wp","href":"https:\/\/api.w.org\/{rel}","templated":true}]}}