{"id":9570,"date":"2023-07-10T10:10:05","date_gmt":"2023-07-10T01:10:05","guid":{"rendered":"https:\/\/sell-fr.allu-official.com\/service-en-magasin\/"},"modified":"2024-12-03T10:15:46","modified_gmt":"2024-12-03T01:15:46","slug":"store-service","status":"publish","type":"page","link":"https:\/\/sell-fr.allu-official.com\/en\/store-service\/","title":{"rendered":"Sell at Store"},"content":{"rendered":"\n<div class=\"p-visualText\">\n  <div class=\"p-visualText__inner\">\n    <figure class=\"p-visualText__imgArea\"><img loading=\"lazy\" decoding=\"async\" class=\"p-visualText__imgAreaImage\" src=\"\/wp-content\/uploads\/2024\/12\/storeService_visual_fr.png\" alt=\"Sell at ALLU\" width=\"620\" height=\"390\"\/><\/figure><div class=\"p-visualText__textArea\">\n      <p class=\"p-visualText__title\">Sell at our ALLU purchasing offices<\/p>\n      <p class=\"p-visualText__lead\">Immediate purchase of luxury items, new or second-hand, with no consignment. Instant payment via our partner Qonto or within 48 hours by conventional bank transfer. Please contact us to make an appointment at one of our buying offices in Paris.<\/p>\n    <\/div>\n  <\/div>\n<\/div>\n\n\n\n\n<!--more-->\n\n\n\n<div class=\"p-visualText__spLimit\">\n  <div class=\"p-visualText__spLimit__title\">Sell at our ALLU purchasing offices<\/div>\n  <div class=\"p-visualText__spLimit__lead\">Immediate purchase of luxury items, new or second-hand, with no consignment. Please contact us to make an appointment at one of our buying offices in Paris.<\/div> \n<\/div>\n\n\n\n<section class=\"p-counterPurchase\">\n  <h2 class=\"p-counterPurchase__title\">Why Choose Allu\u2019s Home Service<\/h2>\n  <ul class=\"p-counterPurchase__list\">\n    <li class=\"p-counterPurchase__listItem\">No Price or Quantity Limit<\/li>\n    <li class=\"p-counterPurchase__listItem\">On-site evaluation and immediate purchase<\/li>\n    <li class=\"p-counterPurchase__listItem\">Purchase in small and large quantities<\/li>\n    <li class=\"p-counterPurchase__listItem\">Expert assessments<\/li>\n    <li class=\"p-counterPurchase__listItem\">Assured Confidentiality<\/li>\n    <li class=\"p-counterPurchase__listItem\">Payment by instant transfer for all purchases under 3,000 euros, and by standard bank transfer within 48 hours for higher amounts.<\/li>\n  <\/ul>\n<\/section>\n\n\n\n<style>\n\t.p-counterPosts__listItem__imgbox {\n\t\tdisplay: none;\n\t}\n\t@media screen and (min-width: 768px) {\n\t\t.p-counterPosts__listItem__imgbox {\n\t\t\tdisplay: block;\n\t\t}\n\t}\n<\/style>\n<section class=\"p-counterPosts\"><h2 class=\"p-counterPosts__title\">4 Easy Steps to Sell<\/h2>\n  <div class=\"p-counterPosts__inner\">                  \n    <ul class=\"p-counterPosts__list\"><li class=\"p-counterPosts__listItem\">\n        <p class=\"p-counterPosts__listItem__imgbox\"><img loading=\"lazy\" decoding=\"async\" src=\"https:\/\/sell-fr.allu-official.com\/wp-content\/themes\/allu-global\/assets\/img\/common\/img_storeService_flow01.jpg\" alt=\"Step 1\" width=\"500\" height=\"360\"\/><\/p>\n        <div class=\"p-counterPosts__listItem__right\">\n          <p class=\"p-counterPosts__listItem__rightStep\">Step 1<\/p>\n          <p class=\"p-counterPosts__listItem__rightTitle\">Contact<\/p>\n          <p class=\"p-counterPosts__listItem__rightText\">Contact us via WhatsApp to make an appointment at a store closest to you. Our stores are located conveniently in central locations.<\/p>\n        <\/div>\n      <\/li>\n      <li class=\"p-counterPosts__listItem\">\n        <p class=\"p-counterPosts__listItem__imgbox\"><img loading=\"lazy\" decoding=\"async\" src=\"https:\/\/sell-fr.allu-official.com\/wp-content\/themes\/allu-global\/assets\/img\/common\/img_storeService_flow02.jpg\" alt=\"Step 2\" width=\"500\" height=\"360\"\/><\/p>\n        <div class=\"p-counterPosts__listItem__right\">\n          <p class=\"p-counterPosts__listItem__rightStep\">Step 2<\/p>\n          <p class=\"p-counterPosts__listItem__rightTitle\">Appraisal<\/p>\n          <p class=\"p-counterPosts__listItem__rightText\">Visit our store on the day of the appointment. Our experienced Value Designers will conduct the appraisal in a private, secure room tailored to prioritise your confidentiality.<\/p>\n        <\/div>\n      <\/li>\n      <li class=\"p-counterPosts__listItem\">\n        <p class=\"p-counterPosts__listItem__imgbox\"><img loading=\"lazy\" decoding=\"async\" src=\"https:\/\/sell-fr.allu-official.com\/wp-content\/themes\/allu-global\/assets\/img\/common\/img_storeService_flow03.jpg\" alt=\"Step 3\" width=\"500\" height=\"360\"\/><\/p>\n        <div class=\"p-counterPosts__listItem__right\">\n          <p class=\"p-counterPosts__listItem__rightStep\">Step 3<\/p>\n          <p class=\"p-counterPosts__listItem__rightTitle\">Our Offer<\/p>\n          <p class=\"p-counterPosts__listItem__rightText\">Upon appraising your items, we will make an offer. If at any point you are unsatisfied with the offer, you can cancel the transaction and take your items back.<\/p>\n        <\/div>\n      <\/li>\n      <li class=\"p-counterPosts__listItem\">\n        <p class=\"p-counterPosts__listItem__imgbox\"><img loading=\"lazy\" decoding=\"async\" src=\"https:\/\/sell-fr.allu-official.com\/wp-content\/themes\/allu-global\/assets\/img\/common\/img_deliveryService_flow03.jpg\" alt=\"Step 4\" width=\"500\" height=\"360\"\/><\/p>\n        <div class=\"p-counterPosts__listItem__right\">\n          <p class=\"p-counterPosts__listItem__rightStep\">Step 4<\/p>\n          <p class=\"p-counterPosts__listItem__rightTitle\">Payment<\/p>\n          <p class=\"p-counterPosts__listItem__rightText\">If you accept our offered price and move forward with the transaction, our staff will prepare to complete the process and make payment via bank transfer within the same day.<\/p>\n        <\/div>\n      <\/li>\n    <\/ul><\/div>\n<\/section>\n\n\n<div class=\"lazyblock-purchaseitems-Z1Cnh3T wp-block-lazyblock-purchaseitems\"><section class=\"p-purchaseItems\">\n  <h2 class=\"c-headingMain\">What We Buy at ALLU<\/h2>\n<!-- GLOBAL_VJ_MARKTING-672 -->\n\n  <ul class=\"p-purchaseItems__list\">\n      <li class=\"p-purchaseItems__listItem\"><a class=\"p-purchaseItems__listItemLink\" href=\"\/en\/gold\/\">\n      <div class=\"p-purchaseItems__listImage\">\n        <img loading=\"lazy\" decoding=\"async\" src=\"https:\/\/sell-fr.allu-official.com\/wp-content\/themes\/allu-global\/assets\/img\/common\/purchaseItems\/purchase_gold.png\" alt=\"Gold and Precious Metals\" width=\"103\" height=\"104\">\n      <\/div>\n      <span class=\"p-purchaseItems__listLabel\">Gold and Precious Metals<\/span>\n    <\/a><\/li>\n    <li class=\"p-purchaseItems__listItem\"><a class=\"p-purchaseItems__listItemLink\" href=\"\/en\/watches\/\">\n      <div class=\"p-purchaseItems__listImage\">\n        <img loading=\"lazy\" decoding=\"async\" src=\"https:\/\/sell-fr.allu-official.com\/wp-content\/themes\/allu-global\/assets\/img\/common\/purchaseItems\/purchase_watch.png\" alt=\"Watches\" width=\"103\" height=\"104\">\n      <\/div>\n      <span class=\"p-purchaseItems__listLabel\">Watches<\/span>\n    <\/a><\/li>\n    <li class=\"p-purchaseItems__listItem\"><a class=\"p-purchaseItems__listItemLink\" href=\"\/en\/bags\/\">\n      <div class=\"p-purchaseItems__listImage\">\n        <img loading=\"lazy\" decoding=\"async\" src=\"https:\/\/sell-fr.allu-official.com\/wp-content\/themes\/allu-global\/assets\/img\/common\/purchaseItems\/purchase_bag.png\" alt=\"Brand Bags\" width=\"103\" height=\"104\">\n      <\/div>\n      <span class=\"p-purchaseItems__listLabel\">Brand Bags<\/span>\n    <\/a><\/li>\n    <li class=\"p-purchaseItems__listItem\"><a class=\"p-purchaseItems__listItemLink\" href=\"\/en\/item-list\/\">\n      <div class=\"p-purchaseItems__listImage\">\n        <img loading=\"lazy\" decoding=\"async\" src=\"https:\/\/sell-fr.allu-official.com\/wp-content\/themes\/allu-global\/assets\/img\/common\/purchaseItems\/purchase_wallet.png\" alt=\"Brand Wallets\" width=\"103\" height=\"104\">\n      <\/div>\n      <span class=\"p-purchaseItems__listLabel\">Brand Wallets<\/span>\n    <\/a><\/li>\n    <li class=\"p-purchaseItems__listItem\"><a class=\"p-purchaseItems__listItemLink\" href=\"\/en\/jewelry\/\">\n      <div class=\"p-purchaseItems__listImage\">\n        <img loading=\"lazy\" decoding=\"async\" src=\"https:\/\/sell-fr.allu-official.com\/wp-content\/themes\/allu-global\/assets\/img\/common\/purchaseItems\/purchase_jewelry.png\" alt=\"Jewellery\" width=\"107\" height=\"107\">\n      <\/div>\n      <span class=\"p-purchaseItems__listLabel\">Jewellery<\/span>\n    <\/a><\/li>\n    <li class=\"p-purchaseItems__listItem\"><a class=\"p-purchaseItems__listItemLink\" href=\"\/en\/item-list\/\">\n      <div class=\"p-purchaseItems__listImage\">\n        <img loading=\"lazy\" decoding=\"async\" src=\"https:\/\/sell-fr.allu-official.com\/wp-content\/themes\/allu-global\/assets\/img\/common\/purchaseItems\/purchase_accessory.png\" alt=\"Accessories\" width=\"103\" height=\"104\">\n      <\/div>\n      <span class=\"p-purchaseItems__listLabel\">Accessories<\/span>\n    <\/a><\/li>\n    <li class=\"p-purchaseItems__listItem\"><a class=\"p-purchaseItems__listItemLink\" href=\"\/en\/item-list\/\">\n      <div class=\"p-purchaseItems__listImage\">\n        <img loading=\"lazy\" decoding=\"async\" src=\"https:\/\/sell-fr.allu-official.com\/wp-content\/themes\/allu-global\/assets\/img\/common\/purchaseItems\/purchase_antique.png\" alt=\"Antiques\" width=\"103\" height=\"104\">\n      <\/div>\n      <span class=\"p-purchaseItems__listLabel\">Antiques<\/span>\n    <\/a><\/li>\n    <li class=\"p-purchaseItems__listItem\"><a class=\"p-purchaseItems__listItemLink\" href=\"\/en\/item-list\/\">\n      <div class=\"p-purchaseItems__listImage\">\n        <img loading=\"lazy\" decoding=\"async\" src=\"https:\/\/sell-fr.allu-official.com\/wp-content\/themes\/allu-global\/assets\/img\/common\/purchaseItems\/purchase_clothes.png\" alt=\"Brand Clothing\" width=\"103\" height=\"104\">\n      <\/div>\n      <span class=\"p-purchaseItems__listLabel\">Brand Clothing<\/span>\n    <\/a><\/li>\n    <\/ul>\n  <h3 class=\"p-purchaseItems__subtitle\">\n    <span class=\"p-purchaseItems__subtitleInner\">\u25a0\n              Luxury Articles We Buy Back          <\/span>\n  <\/h3>\n    <p class=\"p-purchaseItems__text\">Watches, jewelry, bags, wallets, accessories, clothing, shoes, antiques, gold and precious metals. For other items, please contact us for details.<\/p>\n  \n<!-- GLOBAL_VJ_MARKTING-672 -->\n\n<\/section><\/div>\n\n\n<h2 class=\"c-headingMain\">Documents Requis<\/h2>\n\n\n<div class=\"lazyblock-personalid-Z24BlWd wp-block-lazyblock-personalid\"><div class=\"p-personalId\">\n  <p class=\"p-personalId__title\">\n        <span class=\"p-personalId__titleText\">You Only Need an I.D. to Sell at ALLU!<\/span>\n      <\/p>\n  <div class=\"p-personalId__body\">\n    <div class=\"p-personalId__box\">\n      <div class=\"p-personalId__boxTitle\">Required Form of Identification<\/div>\n      <ul class=\"p-personalId__boxList\">\n                <li class=\"p-personalId__boxItem\">Driver&#039;s Licence<\/li>\n        <li class=\"p-personalId__boxItem\">Passport<\/li>\n              <\/ul>\n    <\/div>\n    <ul class=\"p-personalId__notesList\">\n      <li class=\"p-personalId__notesItem--red\">Only one of the above forms of identification is required.<\/li>\n      <li class=\"p-personalId__notesItem--red\">We can not buy items from customers under the age of 18 years old.<\/li>\n      <li class=\"p-personalId__notesItem u-onlyPc\">We do not accept identification documents that are expired or out-of-date.<\/li>\n      <li class=\"p-personalId__notesItem u-onlyPc\">Corporate customers follow the same selling process as individual customers. No additional documentation is required.<\/li>\n    <\/ul>\n    <a href=\"\/faq\/\" class=\"p-personalId__btn\">Visit our FAQ section for more information<\/a>\n  <\/div><!-- \/.p-personalId__body -->\n<\/div><\/div>\n\n<div class=\"lazyblock-storeinformation-Z1am1y6 wp-block-lazyblock-storeinformation\"><section class=\"p-storeInformation\" id=\"shop-list\"><div class=\"p-storeInformation__inner\"><h2 class=\"p-storeInformation__title\">Sell your luxury articles in our different offices in Paris<\/h2><ul class=\"p-storeInformation__list\"><li class=\"p-storeInformation__item\"><div class=\"p-storeInformation__itemImgArea\"><img loading=\"lazy\" decoding=\"async\" class=\"p-storeInformation__itemImg\" alt=\"3th floor of the Regus office, 81 rue de France, Nice, France \" width=\"1280\" height=\"853\" src=\"\/wp-content\/uploads\/2025\/11\/Allu-Saint-Honore-www.ysoprod.com-6240x4160-14-sur-19.jpg\"><\/div><div class=\"p-storeInformation__itemBody\"><h3 class=\"p-storeInformation__itemTitle\">ALLU Nice<\/h3><address class=\"p-storeInformation__itemAddress\">3th floor of the Regus office, 81 rue de France, Nice, France <\/address><div class=\"p-storeInformation__itemBtnArea\"><a class=\"p-storeInformation__itemBtn\" href=\"https:\/\/sell-fr.allu-official.com\/en\/shop\/nice-shop\/\">View ALLU Nice Details<\/a><\/div><\/div><\/li><li class=\"p-storeInformation__item\"><div class=\"p-storeInformation__itemImgArea\"><img loading=\"lazy\" decoding=\"async\" class=\"p-storeInformation__itemImg\" alt=\"On the first floor of the shopping center, rue de l'Annociation entrance, 53 rue de Passy, 75016 Paris, France\" width=\"1280\" height=\"853\" src=\"\/wp-content\/uploads\/2024\/09\/Passy1.jpg\"><\/div><div class=\"p-storeInformation__itemBody\"><h3 class=\"p-storeInformation__itemTitle\">ALLU Passy Plaza<\/h3><address class=\"p-storeInformation__itemAddress\">On the first floor of the shopping center, rue de l&#8217;Annociation entrance, 53 rue de Passy, 75016 Paris, France<\/address><div class=\"p-storeInformation__itemBtnArea\"><a class=\"p-storeInformation__itemBtn\" href=\"https:\/\/sell-fr.allu-official.com\/en\/shop\/allu-passy-plaza\/\">View ALLU Passy Plaza Details<\/a><\/div><\/div><\/li><li class=\"p-storeInformation__item\"><div class=\"p-storeInformation__itemImgArea\"><img loading=\"lazy\" decoding=\"async\" class=\"p-storeInformation__itemImg\" alt=\"3 Rue du Faubourg Saint-Honor\u00e9 2\u00e8me \u00e9tage, 75008 Paris, France\" width=\"1280\" height=\"960\" src=\"\/wp-content\/uploads\/2023\/08\/FR-ALLU-Faubourg-Saint-Honore_1.jpg\"><\/div><div class=\"p-storeInformation__itemBody\"><h3 class=\"p-storeInformation__itemTitle\">Faubourg Saint-Honor\u00e9 Shop<\/h3><address class=\"p-storeInformation__itemAddress\">3 Rue du Faubourg Saint-Honor\u00e9 2\u00e8me \u00e9tage, 75008 Paris, France<\/address><div class=\"p-storeInformation__itemBtnArea\"><a class=\"p-storeInformation__itemBtn\" href=\"https:\/\/sell-fr.allu-official.com\/en\/shop\/faubourg-saint-honore-shop\/\">View Faubourg Saint-Honor\u00e9 Shop Details<\/a><\/div><\/div><\/li><\/ul><\/div><\/section><\/div>\n\n<div class=\"lazyblock-cta-ZB1h9s wp-block-lazyblock-cta\"><div class=\"p-cta\">\n  <div class=\"p-cta__inner\">\n    <div class=\"p-cta__title\">\n            <p class=\"p-cta__titleBalloon\">How to Sell<\/p>\n            <p class=\"p-cta__titleText\">How to Sell Luxury Goods at ALLU<\/p>\n    <\/div>\n    <ul class=\"p-cta__list\">\n      <li class=\"p-cta__listItem--shop\">\n        <a href=\"\/en\/store-service\/\" class=\"p-cta__listLink--shop\">\n          <p class=\"p-cta__listLinkIcon\"><img decoding=\"async\" class=\"p-cta__listLinkIconImg\" alt=\"Sell to Store\" src=\"https:\/\/sell-fr.allu-official.com\/wp-content\/themes\/allu-global\/assets\/img\/common\/icon_cta_store.svg\"><\/p>\n          <div class=\"p-cta__listLinkBox\">\n            <p class=\"p-cta__listLinkTitle\">Sell at Store<\/p>\n            <p class=\"p-cta__listLinkSub\">The quickest way to get cash<\/p>\n          <\/div>\n          <div class=\"p-cta__listLinkArrow\"><\/div>\n        <\/a>\n      <\/li>\n            <li class=\"p-cta__listItem--homeService\">\n        <a href=\"\/en\/home-service\/\" class=\"p-cta__listLink--homeService\">\n          <p class=\"p-cta__listLinkIcon\"><img decoding=\"async\" class=\"p-cta__listLinkIconImg\" alt=\"Sell at Home\" src=\"https:\/\/sell-fr.allu-official.com\/wp-content\/themes\/allu-global\/assets\/img\/common\/icon_cta_home.svg\"><\/p>\n          <div class=\"p-cta__listLinkBox\">\n            <p class=\"p-cta__listLinkTitle\">Sell at Home<\/p>\n            <p class=\"p-cta__listLinkSub\">Sell in the comfort of your home<\/p>\n          <\/div>\n          <div class=\"p-cta__listLinkArrow\"><\/div>\n        <\/a>\n      <\/li>\n                  <li class=\"p-cta__listItem--delivery\">\n        <a href=\"\/en\/delivery-service\/\" class=\"p-cta__listLink--delivery\" rel=\"noopener\">\n          <p class=\"p-cta__listLinkIcon\"><img decoding=\"async\" class=\"p-cta__listLinkIconImg\" alt=\"Sell by Shipping\" src=\"https:\/\/sell-fr.allu-official.com\/wp-content\/themes\/allu-global\/assets\/img\/common\/icon_cta_delivery.svg\"><\/p>\n          <div class=\"p-cta__listLinkBox\">\n            <p class=\"p-cta__listLinkTitle\">Delivery service<\/p>\n            <p class=\"p-cta__listLinkSub\">Send us your items and ask for remote assessment<\/p>\n          <\/div>\n          <div class=\"p-cta__listLinkArrow\"><\/div>\n        <\/a>\n      <\/li>\n            <li class=\"p-cta__listItem--whats\">\n                <a target=\"_blank\" href=\"https:\/\/api.whatsapp.com\/send?phone=33619259635&#038;text=Bonjour%2C%20je%20souhaite%20prendre%20rendez-vous%20dans%20votre%20bureau%20d%27achat%20pour%20vendre%20mes%20articles%20de%20luxe.\" class=\"p-cta__listLink--whats\">\n          <p class=\"p-cta__listLinkIcon\"><img decoding=\"async\" class=\"p-cta__listLinkIconImg\" alt=\"Chat on WhatsApp\" src=\"https:\/\/sell-fr.allu-official.com\/wp-content\/themes\/allu-global\/assets\/img\/common\/icon_cta_sns.svg\"><\/p>\n          <div class=\"p-cta__listLinkBox\">\n            <p class=\"p-cta__listLinkTitle\">Chat on WhatsApp<\/p>\n            <p class=\"p-cta__listLinkSub\">Contact Us<\/p>\n          <\/div>\n          <div class=\"p-cta__listLinkArrow\"><\/div>\n        <\/a>\n              <\/li>\n    <\/ul>\n  <\/div>\n<\/div><\/div>","protected":false},"excerpt":{"rendered":"<p>Sell at our ALLU purchasing offices Immediate purchase of luxury items, new or second-hand, with no consignment. Instant payment via our partner Qonto or within 48 hours by conventional bank transfer. Please contact us to make an appointment at one of our buying offices in Paris.<\/p>\n","protected":false},"author":1,"featured_media":0,"parent":0,"menu_order":0,"comment_status":"closed","ping_status":"closed","template":"","meta":{"_acf_changed":false,"footnotes":""},"class_list":["post-9570","page","type-page","status-publish","hentry"],"acf":[],"aioseo_notices":[],"_links":{"self":[{"href":"https:\/\/sell-fr.allu-official.com\/en\/wp-json\/wp\/v2\/pages\/9570","targetHints":{"allow":["GET"]}}],"collection":[{"href":"https:\/\/sell-fr.allu-official.com\/en\/wp-json\/wp\/v2\/pages"}],"about":[{"href":"https:\/\/sell-fr.allu-official.com\/en\/wp-json\/wp\/v2\/types\/page"}],"author":[{"embeddable":true,"href":"https:\/\/sell-fr.allu-official.com\/en\/wp-json\/wp\/v2\/users\/1"}],"replies":[{"embeddable":true,"href":"https:\/\/sell-fr.allu-official.com\/en\/wp-json\/wp\/v2\/comments?post=9570"}],"version-history":[{"count":5,"href":"https:\/\/sell-fr.allu-official.com\/en\/wp-json\/wp\/v2\/pages\/9570\/revisions"}],"predecessor-version":[{"id":9829,"href":"https:\/\/sell-fr.allu-official.com\/en\/wp-json\/wp\/v2\/pages\/9570\/revisions\/9829"}],"wp:attachment":[{"href":"https:\/\/sell-fr.allu-official.com\/en\/wp-json\/wp\/v2\/media?parent=9570"}],"curies":[{"name":"wp","href":"https:\/\/api.w.org\/{rel}","templated":true}]}}