{"id":12359,"date":"2024-10-31T11:59:48","date_gmt":"2024-10-31T10:59:48","guid":{"rendered":"https:\/\/sell-fr.allu-official.com\/terms-of-purchase\/"},"modified":"2026-04-09T10:17:12","modified_gmt":"2026-04-09T08:17:12","slug":"conditions-generales-dachat","status":"publish","type":"page","link":"https:\/\/sell-fr.allu-official.com\/it\/conditions-generales-dachat\/","title":{"rendered":"Condizioni generali di acquisto"},"content":{"rendered":"\n<section class=\"p-privacyPolicy\">\n    <h1 class=\"p-privacyPolicy__h1Title\">Condizioni d\u2019Acquisto ALLU<\/h1>\n    <p class=\"p-privacyPolicy__text\">Le presenti Condizioni Generali di Acquisto si applicano ai contratti conclusi tra la societ\u00e0 Art of Luxury Italy S.r.l. (di seguito, \u201cAOLI\u201d) e i venditori, all\u2019interno dei locali commerciali di AOLI, aventi ad oggetto l\u2019acquisto da parte di AOLI di beni di propriet\u00e0 dei venditori.<\/p>\n\n    <h3 class=\"p-privacyPolicy__h3Title\">1. Definizioni<\/h3>\n    <p class=\"p-privacyPolicy__text\">I termini e le espressioni di seguito indicati hanno il significato ad essi attribuito, sia al singolare che al plurale, nel presente articolo.<\/p>\n    <p class=\"p-privacyPolicy__text\"><strong>\u00ab AOLI \u00bb<\/strong>: indica Art of Luxury Italy S.r.l., con sede legale a [\u2022], [\u2022], C.F., P. IVA e numero di iscrizione al Registro Imprese di [\u2022], REA [\u2022], capitale sociale euro [\u2022] i.v.; <\/p>\n    <p class=\"p-privacyPolicy__text\"><strong>\u00ab Bene\/i \u00bb<\/strong> : indica il\/i bene\/i di propriet\u00e0 dei Venditori acquistato\/i da AOLI <\/p>\n    <p class=\"p-privacyPolicy__text\"><strong>\u00ab Codice del Consumo \u00bb<\/strong> : indica il Decreto Legislativo 6 settembre 2005, n. 206 e successive modifiche e integrazioni;<\/p>\n    <p class=\"p-privacyPolicy__text\"><strong>\u00ab Condizioni Generali di Acquisto \u00bb<\/strong> : indica le presenti condizioni generali di acquisto;<\/p>\n    <p class=\"p-privacyPolicy__text\"><strong>\u00ab Informativa sul Trattamento dei Dati Personali \u00bb<\/strong> : indica il documento sottoposto al Venditore che disciplina il trattamento dei dati personali del Venditore da parte AOLI necessari alla valutazione dei Beni e, ove applicabile, alla conclusione ed esecuzione del Contratto;<\/p>\n    <p class=\"p-privacyPolicy__text\"><strong>\u00ab Contratto \u00bb<\/strong> indica il contratto concluso tra il Venditore e AOLI avente ad oggetto l\u2019acquisto da parte di AOLI dei Beni, disciplinato dalle presenti Condizioni Generali di Acquisto, dal modulo contenente la Proposta di Acquisto e dagli eventuali ulteriori documenti sottoscritti dal Venditore presso l\u2019Esercizio;<\/p>\n    <p class=\"p-privacyPolicy__text\"><strong>\u00ab Esercizio \u00bb<\/strong> : indica il locale commerciale di AOLI adibito all\u2019acquisto dei Beni, sito in Milano, via [\u2022], n. [\u2022], nonch\u00e9 qualsiasi ulteriore locale commerciale dove AOLI dovesse eventualmente esercitare l\u2019attivit\u00e0 di acquisto dei Beni.<\/p>\n    <p class=\"p-privacyPolicy__text\"><strong>\u00ab Prezzo di Vendita \u00bb<\/strong> : indica il prezzo concordato tra il Venditore e AOLI a cui il Bene viene venduto come indicato nel Contratto.<\/p>\n    <p class=\"p-privacyPolicy__text\"><strong>\u00ab Procedura di Valutazione \u00bb<\/strong> : indica la procedura di valutazione del Bene eseguita da AOLI ai sensi dell\u2019articolo 5.<\/p>\n    <p class=\"p-privacyPolicy__text\"><strong>\u00ab Venditore \u00bb<\/strong> indica qualsiasi soggetto, persona fisica maggiorenne o persona giuridica, che vende il Bene ad AOLI, sia esso (i) consumatore secondo la definizione fornita dall\u2019art. 3, comma 1, lett. a) del Codice del Consumo, ovvero (ii) professionista secondo la definizione fornita dall\u2019art. 3, comma 1, lett. c) del Codice del Consumo.<\/p>\n\n    <h3 class=\"p-privacyPolicy__h3Title\">2. Ambito di applicazione<\/h3>\n    <p class=\"p-privacyPolicy__text\">Le presenti Condizioni Generali di Acquisto si applicano automaticamente a tutti i Contratti conclusi nell\u2019Esercizio e costituiscono (congiuntamente al modulo contenente la Proposta di Acquisto firmato dal Venditore per accettazione e agli eventuali ulteriori documenti sottoscritti presso l\u2019Esercizio) l\u2019intero accordo tra le parti, ossia AOLI e il Venditore, relativamente al suo oggetto e sostituiscono qualsiasi precedente contratto, accordo o intesa raggiunta tra le parti relativamente a tale oggetto.<\/p>\n    <p class=\"p-privacyPolicy__text\">Qualsiasi operazione di vendita dei Beni effettuata dai Venditori con AOLI sar\u00e0 quindi subordinata all\u2019accettazione e sottoscrizione espressa, piena e senza riserve delle presenti Condizioni Generali di Acquisto.<\/p>\n    <p class=\"p-privacyPolicy__text\">Il Contratto sar\u00e0 negoziato e concluso nei locali commerciali di AOLI e pertanto non trovano applicazione le disposizioni del capo I, Titolo III, del Codice del Consumo sui contratti a distanza o sui contratti negoziati fuori dai locali commerciali. A seguito della sottoscrizione del Contratto, le presenti Condizioni Generali di Acquisto saranno consegnate al Venditore su supporto durevole.<\/p>\n\n    <h3 class=\"p-privacyPolicy__h3Title\">3. Condizioni di acquisto<\/h3>\n    <p class=\"p-privacyPolicy__text\"><strong>3.1<\/strong> AOLI decider\u00e0 liberamente, a propria discrezione, se acquistare o meno il Bene proposto dal Venditore. AOLI non sar\u00e0 quindi obbligata a formulare un\u2019offerta di acquisto, n\u00e9 a procedere all\u2019acquisto, indipendentemente dallo stato e dalla natura del Bene proposto dal Venditore.<\/p>\n    <p class=\"p-privacyPolicy__text\"><strong>3.2<\/strong> Il Venditore si impegna a vendere il\/i Bene\/i descritti nel Contratto, fornendo ad AOLI \u2013 nella misura richiesta da quest\u2019ultima, eventualmente anche dopo la conclusione del Contratto \u2013 ogni informazione su diritto di propriet\u00e0, condizione, autenticit\u00e0, provenienza, attribuzione, regime di importazione ed esportazione del\/i Bene\/i.<\/p>\n    <p class=\"p-privacyPolicy__text\"><strong>3.3<\/strong> Il Venditore accetta che la propriet\u00e0 del\/i Bene\/i venga trasferita ad AOLI al momento della sottoscrizione del Contratto.<\/p>\n    <p class=\"p-privacyPolicy__text\"><strong>3.4<\/strong> Dopo la sottoscrizione del Contratto, il Venditore non potr\u00e0, in alcun caso, richiedere la restituzione del Bene o un aumento del Prezzo di Vendita,fatti salvi i casi inderogabili previsti dalla legge.<\/p>\n    <p class=\"p-privacyPolicy__text\"><strong>3.5<\/strong> Il Venditore potr\u00e0 richiedere informazioni a AOLI e\/o inviare a quest\u2019ultima comunicazioni ai sensi del Contratto, con le seguenti modalit\u00e0:<\/p>\n    <ul class=\"p-privacyPolicy__list\">\n        <li class=\"p-privacyPolicy__listItem\">per posta, scrivendo ad Art of Luxury Italy S.r.l., [\u2022], [\u2022], Italia;<\/li>\n        <li class=\"p-privacyPolicy__listItem\">al seguente numero telefonico: (+39) [\u2022];<\/li>\n        <li class=\"p-privacyPolicy__listItem\">inviando una e-mail all\u2019indirizzo [\u2022].<\/li>\n    <\/ul>\n    <p class=\"p-privacyPolicy__text\"><strong>3.6<\/strong> Dichiarazioni e Garanzie del Venditore Il Venditore dichiara e garantisce quanto segue:<\/p>\n    <ul class=\"p-privacyPolicy__list\">\n        <li class=\"p-privacyPolicy__listItem\">di avere piena capacit\u00e0 e legittimazione per concludere il Contratto;<\/li>\n        <li class=\"p-privacyPolicy__listItem\">se persona fisica, di avere compiuto 18 anni (come attestato da documento di identit\u00e0 valido) e di disporre comunque della capacit\u00e0 di agire in misura necessaria per concludere il Contratto;<\/li>\n        <li class=\"p-privacyPolicy__listItem\">se persona fisica, di risiedere in Italia;<\/li>\n        <li class=\"p-privacyPolicy__listItem\">di agire in nome proprio e per proprio conto;<\/li>\n        <li class=\"p-privacyPolicy__listItem\">di essere proprietario esclusivo del Bene e di essere titolato a trasferirne validamente la piena propriet\u00e0 ad AOLI; <\/li>\n        <li class=\"p-privacyPolicy__listItem\">che il Bene \u00e8 liberamente commerciabile sul territorio italiano e, ove applicabile, \u00e8 stato importato nello stesso nel rispetto di ogni norma vigente;<\/li>\n        <li class=\"p-privacyPolicy__listItem\">che il Bene \u00e8 libero da vincoli, diritti di terzi e che non sono in corso azioni legali e\/o controversie stragiudiziali, di qualsiasi natura aventi ad oggetto il Bene;<\/li>\n        <li class=\"p-privacyPolicy__listItem\">di aver fornito ad AOLI tutte le informazioni necessarie e rilevanti sul Bene;<\/li>\n        <li class=\"p-privacyPolicy__listItem\">che il Bene \u00e8 autentico e non contraffatto in alcuno degli elementi che lo compongono, non \u00e8 di provenienza illecita, e la sua vendita ad AOLI non viola alcuna norma applicabile, anche in materia di antiriciclaggio. [Con particolare riferimento agli orologi, il Venditore garantisce che (i) il Bene \u00e8 originale in ogni sua parte e completo di tutte le sue componenti originali; (ii) qualsiasi intervento sul Bene \u00e8 stato eseguito unicamente da centri di assistenza autorizzati dal relativo produttore; (iii) il Bene \u00e8 munito del corredo originale (ivi inclusi la scatola originale, il manuale d&#8217;uso, il certificato di autenticit\u00e0, i documenti di garanzia, eventuali accessori inclusi dal produttore al momento dell\u2019acquisto)]. <\/li>\n        <li class=\"p-privacyPolicy__listItem\">che il Bene non \u00e8 stato finanziato tramite prestiti non estinti; <\/li>\n        <li class=\"p-privacyPolicy__listItem\">che i dati personali e tutte le altre informazioni e documenti forniti ad AOLI forniti sono veritieri e accurati;<\/li>\n        <li class=\"p-privacyPolicy__listItem\">di presentare l\u2019originale di un documento di identit\u00e0 valido;<\/li>\n        <li class=\"p-privacyPolicy__listItem\">di non agire con intento fraudolento;<\/li>\n        <li class=\"p-privacyPolicy__listItem\">di aver informato AOLI di qualsiasi difetto o malfunzionamento rilevante del Bene.<\/li>\n    <\/ul>\n    <p class=\"p-privacyPolicy__text\"><strong>3.7<\/strong> Qualora, dopo la sottoscrizione del Contratto, una delle dichiarazioni e garanzie di cui all\u2019articolo 3.6 risulti essere imprecisa, ambigua, incompleta o comunque non veritiera, AOLI potr\u00e0, fatti salvi gli ulteriori diritti o rimedi (ivi inclusi quelli richiamati all\u2019articolo 10 che segue), e indipendentemente dall\u2019accettazione del Bene:<\/p>\n    <ul class=\"p-privacyPolicy__list\">\n        <li class=\"p-privacyPolicy__listItem\"><strong>3.7.1<\/strong> risolvere in tutto o in parte il Contratto ed esigere la restituzione integrale e immediata del Prezzo di Vendita, che dovr\u00e0 essere effettuata dal Venditore entro [15 (quindici)] giorni dalla richiesta;<\/li>\n        <li class=\"p-privacyPolicy__listItem\"><strong>3.7.2<\/strong> restituire il Bene al Venditore a rischio e spese di quest\u2019ultimo, restando inteso che AOLI potr\u00e0 subordinare la restituzione del Bene alla restituzione del Prezzo di Vendita da parte del Venditore ai sensi dell\u2019articolo 3.7.1 che precede;<\/li>\n        <li class=\"p-privacyPolicy__listItem\"><strong>3.7.3<\/strong> ottenere dal Venditore il risarcimento dei danni subiti per l\u2019approvvigionamento di beni sostitutivi; <\/li>\n        <li class=\"p-privacyPolicy__listItem\"><strong>3.7.4<\/strong> richiedere il risarcimento di ogni costo, perdita o spesa sostenuta da AOLI  (nonch\u00e9 dai i suoi dipendenti, amministratori, consulenti e\/o collaboratori a qualsiasi titolo), anche in conseguenza di pretese di terzi, a causa della violazione delle dichiarazioni e garanzie di cui all\u2019articolo 3.6.<\/li>\n    <\/ul>\n\n    <h3 class=\"p-privacyPolicy__h3Title\">4. Appuntamento presso l\u2019Esercizio<\/h3>\n    <p class=\"p-privacyPolicy__text\">Dopo aver concordato un appuntamento presso l\u2019Esercizio, il Venditore, previa sottoscrizione delle presenti Condizioni Generali di Acquisto e della ulteriore documentazione richiesta da AOLI (ivi inclusa quella in materia di protezione dei dati personali), dovr\u00e0 presentare fisicamente il Bene ad AOLI per consentire lo svolgimento della Procedura di Valutazione di cui all\u2019articolo 5.<br>La conclusione del Contratto sar\u00e0 comunque subordinata all\u2019esito della Procedura di Valutazione e all\u2019accettazione del<br>prezzo di vendita proposto da AOLI, come di seguito specificato.<br>Qualsiasi operazione effettuata presso l\u2019Esercizio \u00e8 soggetta a videosorveglianza.<br>Le informazioni registrate non saranno oggetto di ulteriore trattamento e saranno comunicate esclusivamente ai destinatari dell\u2019informativa sul sistema di videosorveglianza disponibile presso l\u2019Esercizio.<\/p>\n\n    <h3 class=\"p-privacyPolicy__h3Title\">5. Procedura di Valutazione<\/h3>\n    <h4 class=\"p-privacyPolicy__h4Title\">5.1. Valutazione dei Beni<\/h4>\n    <p class=\"p-privacyPolicy__text\">AOLI si riserva di valutare i Beni presentati dal Venditore presso l\u2019Esercizio mediante qualsiasi mezzo ritenuto idoneo. Resta comunque inteso che AOLI non assume alcun obbligo di sottoporre alla Procedura di Valutazione i Beni presentati dal Venditore presso l\u2019Esercizio, potendo rifiutare a propria discrezione di dare corso alla Procedura di Valutazione.<\/p>\n    <p class=\"p-privacyPolicy__text\">L\u2019acquisto di Beni composti da metalli preziosi avviene esclusivamente sulla base del titolo dei gioielli, integri o rotti, dei rottami e degli oggetti contenenti oro, argento o platino.<\/p>\n    <p class=\"p-privacyPolicy__text\">Il peso dei Beni \u00e8 determinato esclusivamente in base al peso dei metalli preziosi; il Venditore \u00e8 informato che le pietre e qualsiasi altro materiale verranno rimossi prima della pesatura. <\/p>\n    <p class=\"p-privacyPolicy__text\">Ai fini della verifica del titolo dei metalli preziosi, il Venditore riconosce e accetta:<\/p>\n    <ul class=\"p-privacyPolicy__list\">\n        <li class=\"p-privacyPolicy__listItem\">l\u2019esecuzione di perizie mediante il metodo cosiddetto del \u201ctouchau\u201d;<\/li>\n        <li class=\"p-privacyPolicy__listItem\">la separazione di materiali diversi dall\u2019oro o di differenti titoli di oro, operazioni che possono comportare danni permanenti al Bene.<\/li>\n    <\/ul>\n    <p class=\"p-privacyPolicy__text\">Il Venditore \u00e8 informato e accetta che AOLI non potr\u00e0 essere ritenuta responsabile per eventuali danni o deterioramenti del Bene occorsi durante la Procedura di Valutazione, qualora la stessa sia condotta nel rispetto delle comuni pratiche di settore. <\/p>\n    <p class=\"p-privacyPolicy__text\">Ove tecnicamente possibile, la Procedura di Valutazione si concluder\u00e0 entro [\u2022] ore dalla data di inizio dell\u2019appuntamento presso l\u2019Esercizio. Nel caso sia necessario un consulto con esperti che richieda tempistiche superiori, troveranno applicazione le disposizioni di cui all\u2019articolo 5.2. <\/p>\n    <p class=\"p-privacyPolicy__text\">A seguito della Procedura di valutazione, AOLI potr\u00e0, a sua completa discrezione: (i) proporre al Venditore l\u2019acquisto del Bene ad un determinato prezzo, determinato dalla stessa AOLI, sottoponendo al Venditore l\u2019apposito modulo contenente la proposta stessa (la \u201cProposta di Acquisto\u201d); (ii) decidere di riconsegnare il Bene al Venditore, non effettuando alcuna proposta per l\u2019acquisto dello stesso (la \u201cComunicazione di Rifiuto\u201d).<\/p>\n    <p class=\"p-privacyPolicy__text\">La Proposta di Acquisto ha una validit\u00e0 temporale limitata a [\u2022] giorni\/ore (il \u201cTermine di Efficacia\u201d). La Proposta di Acquisto, in ogni caso, non vincoler\u00e0 AOLI per l\u2019acquisto futuro di beni identici o analoghi. Resta inteso che il Venditore non \u00e8 obbligato ad accettare la Proposta di Acquisto.<\/p>\n    <p class=\"p-privacyPolicy__text\">In caso di Comunicazione di Rifiuto, nonch\u00e9 in caso di rifiuto della Proposta di Acquisto da parte del Venditore o di sua mancata accettazione entro il Termine di Efficacia, il Venditore dovr\u00e0 immediatamente prendere in consegna il relativo Bene. In ogni caso, qualora il Venditore chiedesse la riconsegna del Bene (o qualora il Bene fosse comunque asportato dall\u2019Esercizio) prima della scadenza del Termine di Efficacia, la Proposta di Acquisto si intender\u00e0 rifiutata dal Cliente e revocata da AOLI.<\/p>\n\n    <h4 class=\"p-privacyPolicy__h4Title\">5.2. Deposito dei Beni<\/h4>\n    <p class=\"p-privacyPolicy__text\">Qualora la Procedura di Valutazione non possa essere effettuata entro le tempistiche di cui all\u2019articolo 5.1, il Venditore lascer\u00e0 il Bene in deposito presso l\u2019Esercizio, al fine di consentire ad AOLI di svolgere le verifiche o le perizie necessarie.<\/p>\n    <p class=\"p-privacyPolicy__text\">Al termine della Procedura di Valutazione, AOLI inviter\u00e0 il Venditore a recarsi presso l\u2019Esercizio al fine della comunicazione dell\u2019esito della Procedura di Valutazione, con applicazione di quanto previsto all\u2019articolo 5.1. che precede.<\/p>\n    <p class=\"p-privacyPolicy__text\">Qualora il Venditore rifiuti di recarsi presso l\u2019Esercizio entro [30 (trenta)] giorni dalla comunicazione di AOLI di cui sopra oppure non riprenda in consegna il Bene entro [\u2022] giorni dalla Comunicazione di Rifiuto o dalla scadenza del Termine di Efficacia, AOLI si riserva il diritto, a sua discrezione, di distruggere il Bene o di spedirlo al Venditore a spese di quest\u2019ultimo.<\/p>\n\n    <h3 class=\"p-privacyPolicy__h3Title\">6. Conclusione del Contratto<\/h3>\n    <p class=\"p-privacyPolicy__text\">Qualora il Venditore intenda accettare la Proposta di Acquisto al termine della Procedura di Valutazione, per perfezionare tale accettazione dovr\u00e0 sottoscrivere presso l\u2019Esercizio il relativo modulo e gli eventuali ulteriori documenti sottoposti da AOLI, una copia dei quali rimarr\u00e0 al Venditore. Con tale sottoscrizione, il Contratto si intender\u00e0 concluso.<\/p>\n    <p class=\"p-privacyPolicy__text\">Una volta concluso il Contratto, AOLI proceder\u00e0 al pagamento del Prezzo di Acquisto secondo le modalit\u00e0 di cui all\u2019articolo 8.<\/p>\n\n    <h3 class=\"p-privacyPolicy__h3Title\">7. Trattamento dei dati personali<\/h3>\n    <p class=\"p-privacyPolicy__text\">I dati personali del Venditore sono raccolti e trattati conformemente alla Informativa sul Trattamento dei Dati Personali.<\/p>\n    <p class=\"p-privacyPolicy__text\">Ciascun Venditore ha diritto di accesso, rettifica, cancellazione, limitazione, opposizione e portabilit\u00e0 dei dati personali che lo riguardano, ai sensi degli articoli 15-22 del Regolamento UE 679\/2016 (\u201cGDPR\u201d), secondo quanto riportato nella Informativa sul Trattamento dei Dati Personali.<\/p>\n\n    <h3 class=\"p-privacyPolicy__h3Title\">8. Pagamento al Venditore<\/h3>\n    <p class=\"p-privacyPolicy__text\">AOLI si impegna a corrispondere al Venditore il pagamento mediante bonifico bancario sul conto corrente indicato dal Venditore entro un termine massimo di [48 ore lavorative dalla conclusione del Contratto].<\/p>\n\n    <h3 class=\"p-privacyPolicy__h3Title\">9. Droit de r\u00e9tractation pour la vente de bijoux et m\u00e9taux pr\u00e9cieux<\/h3>\n    <p class=\"p-privacyPolicy__text\">Conform\u00e9ment \u00e0 la loi n\u00b02014-344 du 17 mars 2014 et l\u2019article L224-99 du Code de la Consommation, le Client dispose d\u2019un d\u00e9lai de 48 heures \u00e0 compter de la signature du contrat pour exercer son droit de r\u00e9tractation, sans avoir \u00e0 justifier de motifs ni \u00e0 payer de p\u00e9nalit\u00e9s. L\u2019exercice du droit de r\u00e9tractation met fin aux obligations des parties. Le Client doit alors rembourser \u00e0 VIE le prix per\u00e7u et, en contrepartie, ce dernier doit lui restituer le ou les objets achet\u00e9s. A d\u00e9faut de restituer le ou les objets achet\u00e9s, VIE verse au Client une somme \u00e9quivalente au double du prix de vente per\u00e7u pour le bien ou les objets achet\u00e9s. Ce d\u00e9lai de r\u00e9tractation ne s\u2019applique pas aux op\u00e9rations d\u2019or investissement. En vertu des dispositions de l\u2019article 536 du code g\u00e9n\u00e9ral des imp\u00f4ts, VIE informe le Client que les ouvrages achet\u00e9s, d\u00e9pourvus de marques, doivent \u00eatre pr\u00e9sent\u00e9s au contr\u00f4le dans les trois jours ou bris\u00e9s.<\/p>\n\n    <h3 class=\"p-privacyPolicy__h3Title\">10. Garanzia per i vizi dei Beni<\/h3>\n    <p class=\"p-privacyPolicy__text\">Il Venditore \u00e8 tenuto a garantire per i vizi dei Beni alle condizioni previste dagli articoli 1490 e ss. del Codice Civile italiano. Restano comunque ferme le ulteriori garanzie di legge previste per la vendita di beni mobili, nonch\u00e9 le dichiarazioni e garanzie di cui all\u2019articolo 3.6 che precede, che rimarranno valide ed efficaci per tutta la durata delle garanzie previste dal Codice Civile.<\/p>\n    <p class=\"p-privacyPolicy__text\">Estratti del Codice Civile: <\/p>\n    <ul class=\"p-privacyPolicy__list\">\n        <li class=\"p-privacyPolicy__listItem\">Art. 1490:<br>Il venditore \u00e8 tenuto a garantire che la cosa venduta sia immune da vizi che la rendano inidonea all&#8217;uso a cui \u00e8 destinata o ne diminuiscano in modo apprezzabile il valore.<\/li>\n        <li class=\"p-privacyPolicy__listItem\">Art. 1492:<br>Nei casi indicati dall&#8217;articolo 1490 il compratore pu\u00f2 domandare a sua scelta la risoluzione del contratto ovvero la riduzione del prezzo, salvo che, per determinati vizi, gli usi escludano la risoluzione.<\/li>\n        <li class=\"p-privacyPolicy__listItem\">Art. 1494:<br>In ogni caso, il venditore \u00e8 tenuto verso il compratore al risarcimento del danno, se non prova di avere ignorato senza colpa i vizi della cosa. Il venditore deve altres\u00ec risarcire al compratore i danni derivati dai vizi della cosa.<\/li>\n        <li class=\"p-privacyPolicy__listItem\">Art. 1495:<br>Il compratore decade dal diritto alla garanzia, se non denunzia i vizi al venditore entro otto giorni dalla scoperta, salvo il diverso termine stabilito dalle parti o dalla legge. La denunzia non \u00e8 necessaria se il venditore ha riconosciuto l&#8217;esistenza del vizio o l&#8217;ha occultato.<br>L&#8217;azione si prescrive, in ogni caso, in un anno dalla consegna; ma il compratore, che sia convenuto per l&#8217;esecuzione del contratto, pu\u00f2 sempre far valere la garanzia, purch\u00e9 il vizio della cosa sia stato denunziato entro otto giorni dalla scoperta e prima del decorso dell&#8217;anno dalla consegna.<\/li>\n    <\/ul>\n\n    <h3 class=\"p-privacyPolicy__h3Title\">11. Legge applicabile e foro competente<\/h3>\n    <p class=\"p-privacyPolicy__text\"><strong>11.1<\/strong> Le presenti Condizioni Generali di Acquisto e il Contratto sono regolati dalla legge italiana.<\/p>\n    <p class=\"p-privacyPolicy__text\"><strong>11.2<\/strong> Qualsiasi controversia derivante dalle presenti Condizioni Generali di Acquisto e\/o dal Contratto o comunque ad essi connessa sar\u00e0 di competenza esclusiva, nel caso in cui il Venditore sia un consumatore (secondo la definizione fornita dall\u2019art. 3, comma 1, lett. a) del Codice del Consumo), del foro del luogo dove risiede o ha il domicilio il Venditore; in tutti gli altri casi, il Foro di [Milano] avr\u00e0 competenza esclusiva.<\/p>\n    <p class=\"p-privacyPolicy__text\"><strong>11.3<\/strong> Ai sensi dell\u2019art. 141-sexies, comma 3, del Codice del Consumo, AOLI informa il Venditore che rivesta la qualifica di consumatore che, nel caso in cui egli abbia presentato un reclamo direttamente nei confronti di AOLI, a seguito del quale non sia stato tuttavia possibile risolvere la controversia cos\u00ec insorta, AOLI fornir\u00e0 le informazioni in merito all\u2019organismo o agli organismi di Alternative Dispute Resolution per la risoluzione extragiudiziale delle controversie relative ad obbligazioni derivanti da un contratto concluso in base alle presenti Condizioni Generali di Acquisto (cc.dd. organismi ADR, come indicati agli artt. 141-bis e ss. Codice del Consumo), precisando se intenda avvalersi o meno di tali organismi per risolvere la controversia stessa.<\/p>\n<\/section>\n","protected":false},"excerpt":{"rendered":"<p>Condizioni d\u2019Acquisto ALLU Le presenti Condizioni Generali di Acquisto si applicano ai contratti conclusi tra la societ\u00e0 Art of Luxury Italy S.r.l. (di seguito, \u201cAOLI\u201d) e i venditori, all\u2019interno dei locali commerciali di AOLI, aventi ad oggetto l\u2019acquisto da parte di AOLI di beni di propriet\u00e0 dei venditori. 1. Definizioni I termini e le espressioni [&hellip;]<\/p>\n","protected":false},"author":46,"featured_media":0,"parent":0,"menu_order":0,"comment_status":"closed","ping_status":"closed","template":"","meta":{"_acf_changed":false,"footnotes":""},"class_list":["post-12359","page","type-page","status-publish","hentry"],"acf":[],"aioseo_notices":[],"_links":{"self":[{"href":"https:\/\/sell-fr.allu-official.com\/it\/wp-json\/wp\/v2\/pages\/12359","targetHints":{"allow":["GET"]}}],"collection":[{"href":"https:\/\/sell-fr.allu-official.com\/it\/wp-json\/wp\/v2\/pages"}],"about":[{"href":"https:\/\/sell-fr.allu-official.com\/it\/wp-json\/wp\/v2\/types\/page"}],"author":[{"embeddable":true,"href":"https:\/\/sell-fr.allu-official.com\/it\/wp-json\/wp\/v2\/users\/46"}],"replies":[{"embeddable":true,"href":"https:\/\/sell-fr.allu-official.com\/it\/wp-json\/wp\/v2\/comments?post=12359"}],"version-history":[{"count":3,"href":"https:\/\/sell-fr.allu-official.com\/it\/wp-json\/wp\/v2\/pages\/12359\/revisions"}],"predecessor-version":[{"id":12511,"href":"https:\/\/sell-fr.allu-official.com\/it\/wp-json\/wp\/v2\/pages\/12359\/revisions\/12511"}],"wp:attachment":[{"href":"https:\/\/sell-fr.allu-official.com\/it\/wp-json\/wp\/v2\/media?parent=12359"}],"curies":[{"name":"wp","href":"https:\/\/api.w.org\/{rel}","templated":true}]}}