{"id":12367,"date":"2023-07-10T10:05:27","date_gmt":"2023-07-10T08:05:27","guid":{"rendered":"https:\/\/sell-fr.allu-official.com\/a-propos-dallu\/"},"modified":"2026-04-09T10:21:14","modified_gmt":"2026-04-09T08:21:14","slug":"about-us","status":"publish","type":"page","link":"https:\/\/sell-fr.allu-official.com\/it\/about-us\/","title":{"rendered":"Chi \u00e8 ALLU"},"content":{"rendered":"\n<div class=\"p-visualText\">\n\t<div class=\"p-visualText__inner\">\n\t\t<figure class=\"p-visualText__imgArea\"><img loading=\"lazy\" decoding=\"async\" class=\"p-visualText__imgAreaImage\" src=\"https:\/\/sell-fr.allu-official.com\/wp-content\/themes\/allu-global\/assets\/img\/other\/about-us\/fr-kv.jpg\" alt=\"About Us\" width=\"1256\" height=\"778\"\/><\/figure>\n\t\t<div class=\"p-visualText__textArea\">\n\t\t\t<p class=\"p-visualText__title\">Chi \u00e8 ALLU<\/p>\n            <p class=\"p-visualText__lead\">La nostra competenza si distingue in particolare nell\u2019acquisto di marchi di prestigio, quali Chanel, Prada, Armani, Gucci, Louis Vuitton, Herm\u00e8s, Rolex, Bulgari, Cartier e molti altri.<\/p>\n            <p class=\"p-visualText__lead\">In ALLU restiamo fedeli alle nostre radici giapponesi, offrendo un servizio di acquisto di alto livello ispirato allo spirito dell\u2019Omotenashi, l\u2019arte giapponese dell\u2019ospitalit\u00e0.<\/p>\n            <p class=\"p-visualText__lead\">Ogni consulenza \u00e8 svolta con la massima attenzione, riservatezza e rispetto per il cliente.<\/p>\n\t\t<\/div>\n    <\/div>\n<\/div>\n\n\n\n<!--more-->\n\n\n\n<section class=\"p-aboutUs__section\">\n    <h2 class=\"p-aboutUs__title\">Chi siamo<\/h2>\n    <div class=\"p-aboutUs__who\">\n        <div class=\"p-aboutUs__whoItem\">\n            <div class=\"p-aboutUs__whoImg\"><img loading=\"lazy\" decoding=\"async\" src=\"https:\/\/sell-fr.allu-official.com\/wp-content\/themes\/allu-global\/assets\/img\/other\/about-us\/002-japan.png\" alt=\"\" width=\"512\" height=\"512\" \/><\/div>\n            <div class=\"p-aboutUs__whoNumber\">2011<\/div>\n            <p class=\"p-aboutUs__whoText\">Fondata in Giappone<\/p>\n        <\/div>\n        <div class=\"p-aboutUs__whoItem\">\n            <div class=\"p-aboutUs__whoImg\"><img loading=\"lazy\" decoding=\"async\" src=\"https:\/\/sell-fr.allu-official.com\/wp-content\/themes\/allu-global\/assets\/img\/other\/about-us\/003-location.png\" alt=\"\" width=\"512\" height=\"512\" \/><\/div>\n            <div class=\"p-aboutUs__whoNumber\">190+<\/div>\n            <p class=\"p-aboutUs__whoText\">Uffici acquisti in 17 Paesi<\/p>\n            <p class=\"p-aboutUs__whoText--small\">tra cui Giappone, Francia, Singapore e Hong Kong<\/p>\n        <\/div>\n        <div class=\"p-aboutUs__whoItem\">\n            <div class=\"p-aboutUs__whoImg\"><img loading=\"lazy\" decoding=\"async\" src=\"https:\/\/sell-fr.allu-official.com\/wp-content\/themes\/allu-global\/assets\/img\/other\/about-us\/001-employee.png\" alt=\"\" width=\"512\" height=\"512\" \/><\/div>\n            <div class=\"p-aboutUs__whoNumber\">1.000+<\/div>\n            <p class=\"p-aboutUs__whoText\">Dipendenti<\/p>\n        <\/div>\n    <\/div>\n<\/section>\n\n\n\n<section class=\"p-aboutUs__section\">\n    <h2 class=\"p-aboutUs__title\">LA NOSTRA STORIA <\/h2>\n    <div class=\"p-aboutUs__background\">\n        <figure class=\"p-aboutUs__backgroundFigure\">\n            <figcaption class=\"p-aboutUs__backgroundText\">\n                <h3 class=\"p-aboutUs__backgroundTitle\">La nostra storia<\/h3>\n                <p class=\"p-aboutUs__backgroundParagraph\">\u201cLa nostra sede centrale \u00e8 stata fondata nel dicembre 2011 a Tokyo, Giappone,  con il nome Nanboya, operando come rivenditore di beni di lusso.<br>Nel marzo 2018 la societ\u00e0 \u00e8 stata quotata alla Borsa di Tokyo.<br><br>Riconosciuta come leader in Giappone per la soddisfazione dei clienti, l\u2019azienda ha adottato il nome ALLU per i mercati internazionali e ha avviato un\u2019importante espansione globale,  arrivando a contare oggi oltre 190 sedi nel mondo, tra cui Francia, Singapore, Hong Kong, Emirati Arabi Uniti e molti altri Paesi.\u201d<\/p>\n            <\/figcaption>\n            <div class=\"p-aboutUs__backgroundImage u-textCenter\">\n                <img loading=\"lazy\" decoding=\"async\" alt=\"LA NOSTRA STORIA \" src=\"https:\/\/sell-fr.allu-official.com\/wp-content\/themes\/allu-global\/assets\/img\/other\/about-us\/our_story.jpg\" width=\"418\" height=\"231\" \/>\n            <\/div>\n        <\/figure>\n        <figure class=\"p-aboutUs__backgroundFigure\">\n            <figcaption class=\"p-aboutUs__backgroundText\">\n                <h3 class=\"p-aboutUs__backgroundTitle\">Il fondatore e Amministratore Delegato<\/h3>\n                <p class=\"p-aboutUs__backgroundParagraph\">\u201cIl Gruppo Valuence ha iniziato la propria attivit\u00e0 nel 2007, in un piccolo ufficio nella citt\u00e0 giapponese di Osaka, come ufficio acquisti specializzato.<br><br>\n                    Fin dall\u2019inizio ho compreso che i clienti non apprezzano solo il valore economico dei loro beni, ma anche le storie e i sentimenti ad essi legati.<br><br>\n                    Attribuire un prezzo a un oggetto non \u00e8 sufficiente: \u00e8 fondamentale comprendere il valore che ogni cliente gli riconosce e rispondere ai suoi bisogni pi\u00f9 autentici.<br>\n                    Questa filosofia  guida il nostro operato fin dalla nascita ed \u00e8 oggi uno dei principi fondanti del Gruppo Valuence.\u201d<br>\n                    \u2014 Shinsuke Sakimoto<\/p>\n            <\/figcaption>\n            <div class=\"p-aboutUs__backgroundImage u-textCenter\">\n                <img loading=\"lazy\" decoding=\"async\" alt=\"LA NOSTRA STORIA \" src=\"https:\/\/sell-fr.allu-official.com\/wp-content\/themes\/allu-global\/assets\/img\/other\/about-us\/our_ceo.jpg\" width=\"394\" height=\"255\" \/>\n            <\/div>\n        <\/figure>\n    <\/div>\n<\/section>\n\n\n\n<section class=\"p-aboutUs__order\">\n    <h2 class=\"p-aboutUs__title\">Pourquoi choisir ALLU ?<\/h2>\n    <div class=\"p-aboutUs__orderHolder js-orderContainer\">\n        <article class=\"p-aboutUs__orderContent js-orderContent\">\n            <div class=\"p-aboutUs__orderTitle\">\n                <span class=\"p-aboutUs__orderNumber\">1<\/span>\n                <h3 class=\"p-aboutUs__orderTitle--h3\">Des offres comp\u00e9titives<\/h3>\n            <\/div>\n            <div class=\"p-aboutUs__orderText\">\n                <p class=\"p-aboutUs__orderParagraph\">Forts de notre exp\u00e9rience, de notre compr\u00e9hension du march\u00e9 du luxe et de nos canaux de distribution internationaux, nous vous proposons des offres adapt\u00e9es et justes pour vos pi\u00e8ces de luxe de seconde main.<\/p>\n            <\/div>\n        <\/article>\n        <article class=\"p-aboutUs__orderContent js-orderContent\">\n            <div class=\"p-aboutUs__orderTitle\">\n                <span class=\"p-aboutUs__orderNumber\">2<\/span>\n                <h3 class=\"p-aboutUs__orderTitle--h3\">Paiements imm\u00e9diats<\/h3>\n            <\/div>\n            <div class=\"p-aboutUs__orderText\">\n                <p class=\"p-aboutUs__orderParagraph\">Paiement par virement instantan\u00e9 pour tout achat inf\u00e9rieur \u00e0 3000 euros, et par virement bancaire classique sous 48 heures pour les montants sup\u00e9rieurs<\/p>\n            <\/div>\n        <\/article>\n        <article class=\"p-aboutUs__orderContent js-orderContent\">\n            <div class=\"p-aboutUs__orderTitle\">\n                <span class=\"p-aboutUs__orderNumber\">3<\/span>\n                <h3 class=\"p-aboutUs__orderTitle--h3\">Rachat sans limite de quantit\u00e9 et de montant<\/h3>\n            <\/div>\n            <div class=\"p-aboutUs__orderText\">\n                <p class=\"p-aboutUs__orderParagraph\">ALLU vous propose un rachat express de vos articles de luxe tels que des sacs, des montres, des bijoux et de l\u2019or. ALLU ach\u00e8te un large choix d&#8217;articles, qu&#8217;ils soient neufs ou d&#8217;occasion, sans limite de quantit\u00e9 ni de montant.<\/p>\n            <\/div>\n        <\/article>\n        <article class=\"p-aboutUs__orderContent js-orderContent\">\n            <div class=\"p-aboutUs__orderTitle\">\n                <span class=\"p-aboutUs__orderNumber\">4<\/span>\n                <h3 class=\"p-aboutUs__orderTitle--h3\">Des \u00e9valuations rapides, faciles et fiables<\/h3>\n            <\/div>\n            <div class=\"p-aboutUs__orderText\">\n                <p class=\"p-aboutUs__orderParagraph\">\n                    Nous offrons une \u00e9valuation professionnelle, accompagn\u00e9e d\u2019un service discret et enti\u00e8rement sur mesure, afin de garantir une exp\u00e9rience \u00e0 la hauteur des attentes de notre client\u00e8le. Nous offrons une \u00e9valuation rapide et pr\u00e9cise de vos articles, ce qui vous permet de gagner du temps sans compromettre la pr\u00e9cision de l&#8217;\u00e9valuation de votre bien. Nos acheteurs suivent une formation approfondie qui leur permet de d\u00e9terminer les prix de vente nationaux et internationaux, ainsi que\n                    l\u2019authenticit\u00e9 des produits.\n                <\/p>\n            <\/div>\n        <\/article>\n        <article class=\"p-aboutUs__orderContent js-orderContent\">\n            <div class=\"p-aboutUs__orderTitle\">\n                <span class=\"p-aboutUs__orderNumber\">5<\/span>\n                <h3 class=\"p-aboutUs__orderTitle--h3\">Une confidentialit\u00e9 assur\u00e9e<\/h3>\n            <\/div>\n            <div class=\"p-aboutUs__orderText\">\n                <p class=\"p-aboutUs__orderParagraph\">Nous accordons la priorit\u00e9 \u00e0 la protection de votre vie priv\u00e9e et assurons une s\u00e9curit\u00e9 optimale pour toutes les transactions. Nos experts travaillent dans la plus grande discr\u00e9tion.<\/p>\n            <\/div>\n        <\/article>\n        <article class=\"p-aboutUs__orderContent js-orderContent\">\n            <div class=\"p-aboutUs__orderTitle\">\n                <span class=\"p-aboutUs__orderNumber\">6<\/span>\n                <h3 class=\"p-aboutUs__orderTitle--h3\">Un service sur mesure pour r\u00e9pondre \u00e0 vos besoins<\/h3>\n            <\/div>\n            <div class=\"p-aboutUs__orderText\">\n                <div class=\"p-aboutUs__orderRow\">\n                    <div class=\"p-aboutUs__orderCol\">\n                        <h4 class=\"p-aboutUs__orderTitle--h4\">Vente en magasin<\/h4>\n                        <p class=\"p-aboutUs__orderParagraph\">Pour les clients qui souhaitent une consultation en personne avec le personnel d\u2019un de nos magasins.<\/p>\n                        <a class=\"p-aboutUs__orderContent__btnLink--FR\" href=\"https:\/\/sell-fr.allu-official.com\/store-service\/\">En savoir plus<\/a>\n                    <\/div>\n                <\/div>\n                <div class=\"p-aboutUs__orderRow\">\n                    <div class=\"p-aboutUs__orderCol\">\n                        <h4 class=\"p-aboutUs__orderTitle--h4\">Vente \u00e0 domicile<\/h4>\n                        <p class=\"p-aboutUs__orderParagraph\">Pour les clients qui pr\u00e9f\u00e8rent \u00e9viter d\u2019envoyer leurs articles mais qui ne peuvent pas les apporter en magasin, s\u2019ils ont de nombreux articles difficiles \u00e0 transporter ou s\u2019ils veulent vendre plusieurs articles en m\u00eame temps.<\/p>\n                        <a class=\"p-aboutUs__orderContent__btnLink--FR\" href=\"https:\/\/sell-fr.allu-official.com\/home-service\/\">En savoir plus<\/a>\n                    <\/div>\n                <\/div>\n                <div class=\"p-aboutUs__orderRow\">\n                    <div class=\"p-aboutUs__orderCol\">\n                        <h4 class=\"p-aboutUs__orderTitle--h4\">Vente \u00e0 distance<\/h4>\n                        <p class=\"p-aboutUs__orderParagraph\">Si vous habitez loin de l\u2019un de nos magasins ou si vous avez du mal \u00e0 trouver du temps pour une \u00e9valuation en personne, ALLU peut organiser la collecte et l\u2019\u00e9valuation de vos articles de luxe gr\u00e2ce \u00e0 notre service de livraison.<\/p>\n                        <a class=\"p-aboutUs__orderContent__btnLink--FR\" href=\"https:\/\/sell-fr.allu-official.com\/delivery-service\/\">En savoir plus<\/a>\n                    <\/div>\n                <\/div>\n            <\/div>\n        <\/article>\n        <article class=\"p-aboutUs__orderContent js-orderContent\">\n            <div class=\"p-aboutUs__orderTitle\">\n                <span class=\"p-aboutUs__orderNumber\">7<\/span>\n                <h3 class=\"p-aboutUs__orderTitle--h3\">L\u2019hospitalit\u00e9 Japonaise<\/h3>\n            <\/div>\n            <div class=\"p-aboutUs__orderText\">\n                <p class=\"p-aboutUs__orderParagraph\">Faites l\u2019exp\u00e9rience de l\u2019hospitalit\u00e9 japonaise, &#8220;Omotenashi,&#8221; \u00e0 travers nos services. Chaque interaction est empreinte de respect, de courtoisie et d\u2019un engagement in\u00e9branlable en mati\u00e8re de service.<\/p>\n            <\/div>\n        <\/article>\n        <div class=\"p-aboutUs__btnMore js-orderContentShowMore\"><span class=\"p-aboutUs__btnMoreIcon\"><\/span>Voir plus<\/div>\n    <\/div>\n<\/section>\n\n\n<div class=\"lazyblock-personalid-Z1OVPT8 wp-block-lazyblock-personalid\"><div class=\"p-personalId\">\n  <p class=\"p-personalId__title\">\n        <span class=\"p-personalId__titleText\">Da ALLU basta un documento d\u2019identit\u00e0 per vendere i tuoi beni di lusso.<\/span>\n      <\/p>\n  <div class=\"p-personalId__body\">\n    <div class=\"p-personalId__box\">\n      <div class=\"p-personalId__boxTitle\">Documento necessario per l\u2019identificazione<\/div>\n      <ul class=\"p-personalId__boxList\">\n                <li class=\"p-personalId__boxItem\">Patente di guida<\/li>\n        <li class=\"p-personalId__boxItem\">Passaporto<\/li>\n              <\/ul>\n    <\/div>\n    <ul class=\"p-personalId__notesList\">\n      <li class=\"p-personalId__notesItem--red\">\u00c8 richiesto un solo documento di identit\u00e0 tra quelli sopra indicati.<\/li>\n      <li class=\"p-personalId__notesItem--red\">Non possiamo acquistare articoli da clienti di et\u00e0 inferiore ai 18 anni.<\/li>\n      <li class=\"p-personalId__notesItem u-onlyPc\">Non accettiamo documenti di identificazione scaduti o non aggiornati.<\/li>\n      <li class=\"p-personalId__notesItem u-onlyPc\">I clienti aziendali seguono lo stesso processo di vendita dei clienti privati. Non \u00e8 richiesta documentazione aggiuntiva.<\/li>\n    <\/ul>\n    <a href=\"\/faq\/\" class=\"p-personalId__btn\">Visit our FAQ section for more information<\/a>\n  <\/div><!-- \/.p-personalId__body -->\n<\/div><\/div>\n\n<div class=\"lazyblock-storeinformation-Z2rDaF wp-block-lazyblock-storeinformation\"><section class=\"p-storeInformation\" id=\"shop-list\"><div class=\"p-storeInformation__inner\"><h2 class=\"p-storeInformation__title\">Vendi i tuoi articoli di lusso nel nostro ufficio di Milano<\/h2><ul class=\"p-storeInformation__list\"><li class=\"p-storeInformation__item\"><div class=\"p-storeInformation__itemImgArea\"><img loading=\"lazy\" decoding=\"async\" class=\"p-storeInformation__itemImg\" alt=\"Via Fatebenefratelli, 34 20121\" width=\"1280\" height=\"960\" src=\"\/wp-content\/uploads\/2026\/02\/10.jpeg\"><\/div><div class=\"p-storeInformation__itemBody\"><h3 class=\"p-storeInformation__itemTitle\">ALLU Milano<\/h3><address class=\"p-storeInformation__itemAddress\">Via Fatebenefratelli, 34 20121<\/address><div class=\"p-storeInformation__itemBtnArea\"><a class=\"p-storeInformation__itemBtn\" href=\"https:\/\/sell-fr.allu-official.com\/it\/shop\/allu-milano\/\">View ALLU Milano Details<\/a><\/div><\/div><\/li><\/ul><div class=\"p-storeInformation__mapArea\"><iframe\r\n  src=\"https:\/\/www.google.com\/maps\/embed?pb=!1m18!1m12!1m3!1d699.4647881878246!2d9.1941929!3d45.4724489!2m3!1f0!2f0!3f0!3m2!1i1024!2i768!4f13.1!3m3!1m2!1s0x4786c74ac608d48f%3A0x6ac47ade527059a1!2sALLU%20Milano!5e0!3m2!1sit!2sit!4v1775732102685!5m2!1sit!2sit\"\r\n  width=\"600\"\r\n  height=\"450\"\r\n  style=\"border:0;\"\r\n  allowfullscreen=\"\"\r\n  loading=\"lazy\">\r\n<\/iframe><\/div><\/div><\/section><\/div>\n\n<div class=\"lazyblock-cta-1xqLQk wp-block-lazyblock-cta\"><div class=\"p-cta is-it\">\n  <div class=\"p-cta__inner\">\n    <div class=\"p-cta__title\">\n            <p class=\"p-cta__titleBalloon\">Come Vendere<\/p>\n            <p class=\"p-cta__titleText\">How to Sell Luxury Goods at ALLU<\/p>\n    <\/div>\n    <ul class=\"p-cta__list\">\n      <li class=\"p-cta__listItem--shop\">\n        <a href=\"\/it\/store-service\/\" class=\"p-cta__listLink--shop\">\n          <p class=\"p-cta__listLinkIcon\"><img decoding=\"async\" class=\"p-cta__listLinkIconImg\" alt=\"Sell to Store\" src=\"https:\/\/sell-fr.allu-official.com\/wp-content\/themes\/allu-global\/assets\/img\/common\/icon_cta_store.svg\"><\/p>\n          <div class=\"p-cta__listLinkBox\">\n            <p class=\"p-cta__listLinkTitle\">Sell at Store<\/p>\n            <p class=\"p-cta__listLinkSub\">The quickest way to get cash<\/p>\n          <\/div>\n          <div class=\"p-cta__listLinkArrow\"><\/div>\n        <\/a>\n      <\/li>\n            <li class=\"p-cta__listItem--homeService\">\n        <a href=\"\/it\/home-service\/\" class=\"p-cta__listLink--homeService\">\n          <p class=\"p-cta__listLinkIcon\"><img decoding=\"async\" class=\"p-cta__listLinkIconImg\" alt=\"Sell at Home\" src=\"https:\/\/sell-fr.allu-official.com\/wp-content\/themes\/allu-global\/assets\/img\/common\/icon_cta_home.svg\"><\/p>\n          <div class=\"p-cta__listLinkBox\">\n            <p class=\"p-cta__listLinkTitle\">Sell at Home<\/p>\n            <p class=\"p-cta__listLinkSub\">Sell in the comfort of your home<\/p>\n          <\/div>\n          <div class=\"p-cta__listLinkArrow\"><\/div>\n        <\/a>\n      <\/li>\n                  <li class=\"p-cta__listItem--delivery\">\n        <a href=\"\/it\/delivery-service\/\" class=\"p-cta__listLink--delivery\" rel=\"noopener\">\n          <p class=\"p-cta__listLinkIcon\"><img decoding=\"async\" class=\"p-cta__listLinkIconImg\" alt=\"Sell by Shipping\" src=\"https:\/\/sell-fr.allu-official.com\/wp-content\/themes\/allu-global\/assets\/img\/common\/icon_cta_delivery.svg\"><\/p>\n          <div class=\"p-cta__listLinkBox\">\n            <p class=\"p-cta__listLinkTitle\">Delivery service<\/p>\n            <p class=\"p-cta__listLinkSub\">Send us your items and ask for remote assessment<\/p>\n          <\/div>\n          <div class=\"p-cta__listLinkArrow\"><\/div>\n        <\/a>\n      <\/li>\n            <li class=\"p-cta__listItem--whats\">\n                <a target=\"_blank\" href=\"https:\/\/api.whatsapp.com\/send?phone=33619259635&#038;text=Bonjour%2C%20je%20souhaite%20prendre%20rendez-vous%20dans%20votre%20bureau%20d%27achat%20pour%20vendre%20mes%20articles%20de%20luxe.\" class=\"p-cta__listLink--whats\">\n          <p class=\"p-cta__listLinkIcon\"><img decoding=\"async\" class=\"p-cta__listLinkIconImg\" alt=\"Chat on WhatsApp\" src=\"https:\/\/sell-fr.allu-official.com\/wp-content\/themes\/allu-global\/assets\/img\/common\/icon_cta_sns.svg\"><\/p>\n          <div class=\"p-cta__listLinkBox\">\n            <p class=\"p-cta__listLinkTitle\">Chat on WhatsApp<\/p>\n            <p class=\"p-cta__listLinkSub\">Contact Us<\/p>\n          <\/div>\n          <div class=\"p-cta__listLinkArrow\"><\/div>\n        <\/a>\n              <\/li>\n    <\/ul>\n  <\/div>\n<\/div><\/div>","protected":false},"excerpt":{"rendered":"<p>Chi \u00e8 ALLU La nostra competenza si distingue in particolare nell\u2019acquisto di marchi di prestigio, quali Chanel, Prada, Armani, Gucci, Louis Vuitton, Herm\u00e8s, Rolex, Bulgari, Cartier e molti altri. In ALLU restiamo fedeli alle nostre radici giapponesi, offrendo un servizio di acquisto di alto livello ispirato allo spirito dell\u2019Omotenashi, l\u2019arte giapponese dell\u2019ospitalit\u00e0. Ogni consulenza \u00e8 [&hellip;]<\/p>\n","protected":false},"author":1,"featured_media":0,"parent":0,"menu_order":0,"comment_status":"closed","ping_status":"closed","template":"","meta":{"_acf_changed":false,"footnotes":""},"class_list":["post-12367","page","type-page","status-publish","hentry"],"acf":[],"aioseo_notices":[],"_links":{"self":[{"href":"https:\/\/sell-fr.allu-official.com\/it\/wp-json\/wp\/v2\/pages\/12367","targetHints":{"allow":["GET"]}}],"collection":[{"href":"https:\/\/sell-fr.allu-official.com\/it\/wp-json\/wp\/v2\/pages"}],"about":[{"href":"https:\/\/sell-fr.allu-official.com\/it\/wp-json\/wp\/v2\/types\/page"}],"author":[{"embeddable":true,"href":"https:\/\/sell-fr.allu-official.com\/it\/wp-json\/wp\/v2\/users\/1"}],"replies":[{"embeddable":true,"href":"https:\/\/sell-fr.allu-official.com\/it\/wp-json\/wp\/v2\/comments?post=12367"}],"version-history":[{"count":5,"href":"https:\/\/sell-fr.allu-official.com\/it\/wp-json\/wp\/v2\/pages\/12367\/revisions"}],"predecessor-version":[{"id":12514,"href":"https:\/\/sell-fr.allu-official.com\/it\/wp-json\/wp\/v2\/pages\/12367\/revisions\/12514"}],"wp:attachment":[{"href":"https:\/\/sell-fr.allu-official.com\/it\/wp-json\/wp\/v2\/media?parent=12367"}],"curies":[{"name":"wp","href":"https:\/\/api.w.org\/{rel}","templated":true}]}}