{"id":12369,"date":"2023-08-10T19:15:41","date_gmt":"2023-08-10T17:15:41","guid":{"rendered":"https:\/\/sell-fr.allu-official.com\/politique-de-confidentialite\/"},"modified":"2026-04-09T10:33:24","modified_gmt":"2026-04-09T08:33:24","slug":"privacy-policy","status":"publish","type":"page","link":"https:\/\/sell-fr.allu-official.com\/it\/privacy-policy\/","title":{"rendered":"Politique de confidentialit\u00e9"},"content":{"rendered":"\n<section class=\"p-privacyPolicy\">\n                <h1 class=\"p-privacyPolicy__h1Title\">Politique de confidentialit\u00e9<\/h1>\n                <p class=\"p-privacyPolicy__text\">\n ALLU Europe S.A.S (ci-apr\u00e8s \u00ab la Soci\u00e9t\u00e9 \u00bb) traite les donn\u00e9es personnelles de ses clients dans les conditions pr\u00e9vues ci-dessous, et ce, en conformit\u00e9 avec les dispositions du R\u00e8glement g\u00e9n\u00e9ral europ\u00e9en sur la protection des donn\u00e9es personnelles (ci-apr\u00e8s \u00ab le RGPD \u00bb).\n                <\/p>\n                <h3 class=\"p-privacyPolicy__h3Title\">1. Gestion et protection des donn\u00e9es personnelles<\/h3>\n                <p class=\"p-privacyPolicy__text\">\n La Soci\u00e9t\u00e9 assure une gestion et une protection appropri\u00e9es des donn\u00e9es personnelles de ses clients conform\u00e9ment \u00e0 la pr\u00e9sente Politique de confidentialit\u00e9\n                <\/p>\n                <h3 class=\"p-privacyPolicy__h3Title\">2. Responsable de la protection des donn\u00e9es personnelles<\/h3>\n                <p class=\"p-privacyPolicy__text\">\n Responsable de la protection des donn\u00e9es personnelles :<\/p>\n                <p class=\"p-privacyPolicy__text\">\n ALLU Europe S.A.S (La \u00ab Soci\u00e9t\u00e9 \u00bb)\n                <\/p>\n                  <p class=\"p-privacyPolicy__text\">\n Adresse : 3 rue du Faubourg Saint-Honor\u00e9 75008 Paris\n                <\/p>\n                  <h3 class=\"p-privacyPolicy__h3Title\">3. Objectifs et bases l\u00e9gales de l\u2019utilisation des donn\u00e9es personnelles<\/h3>\n                <p class=\"p-privacyPolicy__text\">\n La Soci\u00e9t\u00e9 s\u2019engage \u00e0 assurer un traitement appropri\u00e9 des donn\u00e9es personnelles de ses clients dans le cadre des objectifs d\u2019utilisation suivants :<\/p>\n                <ul class=\"p-privacyPolicy__list\">\n                  <li class=\"p-privacyPolicy__listItem\">1. Mise en \u0153uvre des services propos\u00e9s par la Soci\u00e9t\u00e9 (\u00e9valuation, achat, vente aux ench\u00e8res, r\u00e9paration et services apr\u00e8s-vente des produits, prise de rendez-vous pour l&#8217;accueil en boutique, inscription des membres, etc.). &#8211; Base l\u00e9gale: Ex\u00e9cution d&#8217;un accord <\/li>\n                  <li class=\"p-privacyPolicy__listItem\">2. R\u00e9alisation d&#8217;autres services. &#8211; Base l\u00e9gale: Ex\u00e9cution d&#8217;un accord <\/li>\n                  <li class=\"p-privacyPolicy__listItem\">3. Informations RI (relations investisseur) sur les entreprises du groupe Valuence Japan ou sur les activit\u00e9s commerciales de la Soci\u00e9t\u00e9. &#8211; Base l\u00e9gale: Int\u00e9r\u00eat l\u00e9gitime <\/li>\n                  <li class=\"p-privacyPolicy__listItem\">4. \u00c9valuation de la pertinence de tous les types de transactions ; gestion de tous les types de transactions apr\u00e8s leur d\u00e9marrage, gestion des cr\u00e9dits et gestion des plaintes. &#8211; Base l\u00e9gale: Ex\u00e9cution d&#8217;un accord Int\u00e9r\u00eat l\u00e9gitime <\/li>     \n                  <li class=\"p-privacyPolicy__listItem\">5. Pr\u00e9vention de transactions ill\u00e9gales et identification selon la loi fran\u00e7aise. &#8211; Base l\u00e9gale: Ex\u00e9cution d&#8217;un accord Obligation l\u00e9gale <\/li>           \n                  <li class=\"p-privacyPolicy__listItem\">6. Communication des offres de produits et services, des campagnes ou des diff\u00e9rents projets de la Soci\u00e9t\u00e9, des entreprises du groupe Valuence Japan ou de toute autre entreprise affili\u00e9e \u00e0 la Soci\u00e9t\u00e9 ; mise en \u0153uvre d&#8217;enqu\u00eates par questionnaire. &#8211; Base l\u00e9gale: Int\u00e9r\u00eat l\u00e9gitime <\/li>                      \n                  <li class=\"p-privacyPolicy__listItem\">7. \u00c9tude et analyse de march\u00e9, pr\u00e9paration des chiffres statistiques pour l&#8217;analyse de gestion, utilisation des r\u00e9sultats d&#8217;analyses, d\u00e9veloppement de nouveaux services. &#8211; Base l\u00e9gale: Int\u00e9r\u00eat l\u00e9gitime <\/li>                             \n                  <li class=\"p-privacyPolicy__listItem\">8. Entretien et am\u00e9lioration de la qualit\u00e9 du service client. &#8211; Base l\u00e9gale: Int\u00e9r\u00eat l\u00e9gitime <\/li>\n                  <li class=\"p-privacyPolicy__listItem\">9. Toute op\u00e9ration annexe ou connexe aux activit\u00e9s pr\u00e9vues sous 1-8 ci-dessus ; r\u00e9ponse aux questions des clients. &#8211; Base l\u00e9gale: Ex\u00e9cution d&#8217;un accord Int\u00e9r\u00eat l\u00e9gitime Obligation l\u00e9gale <\/li>                  \n                <\/ul>\n                  <h3 class=\"p-privacyPolicy__h3Title\">4. Cat\u00e9gories de donn\u00e9es personnelles<\/h3>\n                <p class=\"p-privacyPolicy__text\">La Soci\u00e9t\u00e9 traite les donn\u00e9es personnelles de ses clients aux fins d\u2019utilisation indiqu\u00e9es dans la Section 3 ci-dessus (\u00ab Objectifs et bases l\u00e9gales de l\u2019utilisation des donn\u00e9es personnelles \u00bb). Les donn\u00e9es personnelles au sens de la pr\u00e9sente Politique de Confidentialit\u00e9 sont des donn\u00e9es relevant des cat\u00e9gories suivantes :  <\/p>\n                <p class=\"p-privacyPolicy__text\">A) Informations de base:<\/p>\n                <p class=\"p-privacyPolicy__text\">nom et pr\u00e9nom, adresse, date de naissance, num\u00e9ro de t\u00e9l\u00e9phone, adresse e-mail et toute autre information qui permet d\u2019identifier le client.<\/p>\n                <p class=\"p-privacyPolicy__text\">b) Informations sur les demandes de renseignements formul\u00e9es par les clients :<\/p>\n                <p class=\"p-privacyPolicy__text\">d\u00e9tails des demandes formul\u00e9es, journaux de traitement (enregistrements vocaux, e-mails, etc.)<\/p>\n                <p class=\"p-privacyPolicy__text\">La Soci\u00e9t\u00e9 peut demander le consentement des clients avant de proc\u00e9der \u00e0 l\u2019acquisition et le traitement de leurs donn\u00e9es personnelles. Dans ce cas, les clients sont libres d\u2019accepter ou de refuser cette demande, ou de retirer \u00e0 tout moment leur intention de l\u2019accepter. <\/p>\n                  <h3 class=\"p-privacyPolicy__h3Title\">5. Cons\u00e9quence du refus de transmettre les donn\u00e9es personnelles<\/h3>    \n                <p class=\"p-privacyPolicy__text\">Les clients doivent fournir les donn\u00e9es personnelles les concernant afin d\u2019utiliser pleinement les services de la Soci\u00e9t\u00e9. Ils peuvent choisir de ne pas transmettre leurs donn\u00e9es personnelles, dans lequel cas l\u2019acc\u00e8s \u00e0 tout ou partie des services propos\u00e9s par la Soci\u00e9t\u00e9 peut leur \u00eatre refus\u00e9. <\/p>\n                  <h3 class=\"p-privacyPolicy__h3Title\">6. Int\u00e9r\u00eats l\u00e9gitimes de la Soci\u00e9t\u00e9<\/h3>    \n                <p class=\"p-privacyPolicy__text\">En tant qu\u2019entreprise exer\u00e7ant des activit\u00e9s li\u00e9es \u00e0 l\u2019achat, \u00e0 la vente, \u00e0 la vente aux ench\u00e8res, etc., des biens d\u2019occasion, la Soci\u00e9t\u00e9 assure des services efficaces, et a des int\u00e9r\u00eats commerciaux l\u00e9gitimes \u00e0 utiliser les donn\u00e9es recueillies pour l\u2019exercice de ses activit\u00e9s.<\/p>  \n                  <h3 class=\"p-privacyPolicy__h3Title\">7. Communication et transmission des donn\u00e9es personnelles aux autres entreprises<\/h3>    \n                <p class=\"p-privacyPolicy__text\">1) La Soci\u00e9t\u00e9 peut communiquer ou transmettre les donn\u00e9es personnelles de ses clients aux entreprises suivantes du groupe auquel elle appartient, et ce, aux fins d\u2019utilisation pr\u00e9vues dans la Section 3 ci-dessus (\u00ab Objectifs et bases l\u00e9gales d\u2019utilisation des donn\u00e9es personnelles \u00bb). Dans ce cas, les entreprises du groupe qui re\u00e7oivent les donn\u00e9es personnelles transmises sont tenues d\u2019assurer une gestion et une protection appropri\u00e9es de ces donn\u00e9es, dans le respect de la pr\u00e9sente Politique de Confidentialit\u00e9 ainsi que de la politique de confidentialit\u00e9 propre \u00e0 chacune des entreprises. <\/p>    \n                <p class=\"p-privacyPolicy__text\">2)<\/p>      \n                <ul class=\"p-privacyPolicy__list\">\n                  <li class=\"p-privacyPolicy__listItem\">Valuence Japan Inc. (Japon) https:\/\/www.valuence.inc\/en\/group\/japan\/ <\/li>\n                  <li class=\"p-privacyPolicy__listItem\">Valuence Holdings Inc. (Japon) https:\/\/www.valuence.inc\/en\/ <\/li>\n                  <li class=\"p-privacyPolicy__listItem\">Valuence Art and Antiques Inc. (Japon) https:\/\/www.valuence.inc\/en\/group\/artandantiques\/ <\/li>\n                  <li class=\"p-privacyPolicy__listItem\">Valuence Technologies Inc. https:\/\/www.valuence.inc\/en\/group\/technologies\/<\/li>     \n                  <li class=\"p-privacyPolicy__listItem\">Valuence Real Estate Inc. https:\/\/www.valuence.inc\/en\/group\/realestate\/<\/li>           \n                  <li class=\"p-privacyPolicy__listItem\">Valuence International Limited (Hong Kong) https:\/\/www.valuence.inc\/en\/group\/international\/<\/li>                      \n                  <li class=\"p-privacyPolicy__listItem\">Valuence International Singapore Private Limited (Singapour) https:\/\/www.valuence.inc\/en\/group\/international\/<\/li>                             \n                  <li class=\"p-privacyPolicy__listItem\">Valuence International USA Limited (\u00c9tats-Unis) https:\/\/www.valuence.inc\/en\/group\/international\/<\/li>           \n                <\/ul>  \n                <p class=\"p-privacyPolicy__text\">2) Sur son site Web, la Soci\u00e9t\u00e9 utilise Google Analytics, un service propos\u00e9 par Google, Inc. (ci-apr\u00e8s \u201cGoogle\u201d) pour le suivi des acc\u00e8s au site Web. Elle peut \u00e9galement utiliser les Cookies, les Web Beacons ou toute autre technologie similaire en vue d\u2019assurer ses services. Les Cookies, les Web Beacons, etc., sont des informations anonymes qui sont utilis\u00e9es aux fins notamment d\u2019analyse statistique. Elles peuvent \u00e9galement \u00eatre associ\u00e9es aux informations li\u00e9es \u00e0 l\u2019identit\u00e9 des clients, qui sont utilis\u00e9es dans le cadre des services r\u00e9serv\u00e9s aux membres afin de proposer des services plus personnalis\u00e9s. Par ailleurs, sur une partie du site Web de la Soci\u00e9t\u00e9, les distributeurs tiers auxquels la Soci\u00e9t\u00e9 confie la distribution de ses publicit\u00e9s (comme Google et Yahoo) distribuent des publicit\u00e9s sur la base des informations relatives \u00e0 l\u2019historique d\u2019acc\u00e8s au site Web recueillies en utilisant les Cookies, et ce, dans le respect des politiques de confidentialit\u00e9 respectives de ces distributeurs.     <\/p>\n                <p class=\"p-privacyPolicy__text\">Cependant, les clients ont la facult\u00e9 de solliciter \u00e0 \u00eatre exclus de la liste des destinataires de ces publicit\u00e9s (droit d\u2019out-out) dans les conditions suivantes :<\/p>\n                <p class=\"p-privacyPolicy__text\">\u30fbLors de l\u2019utilisation du site Web de la Soci\u00e9t\u00e9 (version anglaise) :<\/p>\n                <p class=\"p-privacyPolicy__text\">Il est possible de refuser la cr\u00e9ation de Cookies \u00e0 partir de l\u2019\u00e9cran de param\u00e9trage des Cookies du site Web.<\/p>  \n                <p class=\"p-privacyPolicy__text\">\u30fb Lors de l\u2019utilisation du site Web de la Soci\u00e9t\u00e9 ou de toute autre page Web li\u00e9e \u00e0 la Soci\u00e9t\u00e9 :<\/p>  \n                <p class=\"p-privacyPolicy__text\">Il est possible de bloquer l\u2019utilisation des Cookies par les distributeurs de publicit\u00e9s en acc\u00e9dant \u00e0 leurs pages d\u2019opt-out respectives.<\/p>   \n                <p class=\"p-privacyPolicy__text\">Les clients peuvent \u00e9galement d\u00e9sactiver la fonction Cookies en modifiant la configuration de son navigateur, \u00e9tant pr\u00e9cis\u00e9 que ceci peut avoir pour cons\u00e9quence d\u2019emp\u00eacher les clients d\u2019utiliser tout ou partie des services propos\u00e9s sur le site Web de la Soci\u00e9t\u00e9.<\/p>   \n                <p class=\"p-privacyPolicy__text\">3) La Soci\u00e9t\u00e9 peut communiquer ou transmettre les donn\u00e9es personnelles de ses clients aux institutions publiques comme la police, les cours de justice, etc., \u00e0 la demande de ces institutions formul\u00e9e en vertu de la loi fran\u00e7aise et dans les limites pr\u00e9vues par celle-ci.<\/p>   \n                <p class=\"p-privacyPolicy__text\">4) Les donn\u00e9es personnelles des clients peuvent \u00eatre communiqu\u00e9es ou transmises par la Soci\u00e9t\u00e9 aux autorit\u00e9s ou organes indiqu\u00e9s par la loi, lorsqu\u2019une telle communication ou transmission est n\u00e9cessaire pour observer les dispositions des lois de l\u2019Union europ\u00e9enne (UE) ou des lois ou r\u00e8glements des \u00c9tats membres de l\u2019UE ou de l\u2019Espace \u00e9conomique europ\u00e9en (EEE).<\/p>     \n                <h3 class=\"p-privacyPolicy__h3Title\">8. Transfert des donn\u00e9es personnelles vers les \u00c9tats hors EEE<\/h3>\n                <p class=\"p-privacyPolicy__text\">la Soci\u00e9t\u00e9 peut transf\u00e9rer les donn\u00e9es personnelles de ses clients vers les \u00c9tats ou les r\u00e9gions dans lesquels la Soci\u00e9t\u00e9 et son groupe ont implant\u00e9 des bases d\u2019op\u00e9rations pour r\u00e9aliser les objectifs d\u2019utilisation pr\u00e9vus dans la Section 3 ci-dessus (\u00ab Objectifs et bases l\u00e9gales de l\u2019utilisation des donn\u00e9es personnelles \u00bb). Dans ce cas, \u00e0 moins que la Commision europ\u00e9enne n\u2019ait accord\u00e9 une \u00ab d\u00e9cision d\u2019ad\u00e9quation \u00bb \u00e0 l\u2019\u00c9tat ou la r\u00e9gion destinataire conform\u00e9ment au RGPD et aux dispositions des lois applicables des \u00c9tats membres de l\u2019UE\/l\u2019EEE, la Soci\u00e9t\u00e9 doit en principe signer les clauses types de protection des donn\u00e9es (Standard Data Protection Clause ou SDPC de l\u2019anglais) afin de garantir un niveau ad\u00e9quat de protection des donn\u00e9es personnelles transf\u00e9r\u00e9es. Toute question concernant les dispositifs de protection pr\u00e9vus dans le pr\u00e9sent paragraphe doit \u00eatre adress\u00e9e aux coordonn\u00e9es indiqu\u00e9es dans la Section 10 ci-dessous (\u00ab Modalit\u00e9 de demande de communication, etc., et coordonn\u00e9s pour demande de renseignement \u00bb).  <\/p>\n                <h3 class=\"p-privacyPolicy__h3Title\">9. Gestion des donn\u00e9es personnelles<\/h3>\n                <p class=\"p-privacyPolicy__text\">La Soci\u00e9t\u00e9 conserve les donn\u00e9es personnelles de ses clients pendant toute dur\u00e9e n\u00e9cessaire pour r\u00e9aliser l\u2019un des objectifs d\u2019utilisation pr\u00e9vus dans la Section 3 (\u00ab Objectifs et bases l\u00e9gales de l\u2019utilisation des donn\u00e9es personnelles \u00bb). Le tableau suivant indique la dur\u00e9e de conservation pr\u00e9vue pour chacun de ces objectifs : <\/p>  \n                <p class=\"p-privacyPolicy__text\">Objectifs 1-5 &#8211; Dix (10) ans \u00e0 partir de la fourniture du service, de la transmission de l&#8217;information ou de la fin de la transaction.<\/p>  \n                <p class=\"p-privacyPolicy__text\">Objectifs 6 et 7 &#8211; Toute dur\u00e9e n\u00e9cessaire pour l&#8217;enqu\u00eate ou l&#8217;analyse r\u00e9alis\u00e9e par la Soci\u00e9t\u00e9.<\/p>  \n                <p class=\"p-privacyPolicy__text\">Objectifs 8 et 9 &#8211; Toute dur\u00e9e n\u00e9cessaire pour am\u00e9liorer la qualit\u00e9 des services propos\u00e9s aux clients.<\/p>      \n                <p class=\"p-privacyPolicy__text\">Par ailleurs, les dossiers relatifs \u00e0 diff\u00e9rents contrats, \u00e0 l\u2019\u00e9tat des transactions, aux plaintes, etc., sont conserv\u00e9s pendant toute dur\u00e9e n\u00e9cessaire pour respecter les obligations l\u00e9gales. Il est pr\u00e9cis\u00e9, toutefois, que la dur\u00e9e de conservation de ces informations peut \u00eatre plus \u00e9tendue, si cela est n\u00e9cessaire pour, entre autres, le traitement d\u2019un litige. <\/p>\n                <h3 class=\"p-privacyPolicy__h3Title\">10. Modalit\u00e9 de demande de communication, etc., et coordonn\u00e9es pour demande de renseignements<\/h3>\n                <p class=\"p-privacyPolicy__text\">Toute demande formul\u00e9e par un client ou par le repr\u00e9sentant d\u2019un client concernant les donn\u00e9es personnelles conserv\u00e9es par la Soci\u00e9t\u00e9 (ci-apr\u00e8s \u00ab les donn\u00e9es conserv\u00e9es \u00bb) sera trait\u00e9e par la Soci\u00e9t\u00e9 dans les conditions suivantes en accord avec le RGPD : <\/p>\n                <h4 class=\"p-privacyPolicy__h4Title\">1) Communication<\/h4>\n                <p class=\"p-privacyPolicy__text\">La Soci\u00e9t\u00e9 communiquera au demandeur les donn\u00e9es conserv\u00e9es qui permettent d\u2019identifier celui-ci. Si aucune donn\u00e9e permettant d\u2019identifier le demandeur n\u2019est conserv\u00e9e par la Soci\u00e9t\u00e9, celle-ci en informe le demandeur. Il est pr\u00e9cis\u00e9, toutefois, que la Soci\u00e9t\u00e9 peut refuser tout ou partie de ces demandes en notifiant le motif, si la communication des donn\u00e9es conserv\u00e9es :   <\/p>\n                <p class=\"p-privacyPolicy__text\">\u30fb peut porter atteinte \u00e0 la vie, au corps, aux biens ou aux autres droits et int\u00e9r\u00eats du demandeur ou d\u2019un tiers ; <\/p>  \n                <p class=\"p-privacyPolicy__text\">\u30fb peut interf\u00e9rer de fa\u00e7on significative avec le bon fonctionnement de la Soci\u00e9t\u00e9 ou de son groupe ; ou<\/p>    \n                <p class=\"p-privacyPolicy__text\">\u30fbest contraire aux lois et r\u00e8glements.<\/p>    \n                <h4 class=\"p-privacyPolicy__h4Title\">2) Correction<\/h4>\n                <p class=\"p-privacyPolicy__text\">Lorsqu\u2019il est demand\u00e9 \u00e0 la Soci\u00e9t\u00e9 de corriger ou de supprimer (ci-apr\u00e8s \u00ab la correction, etc. \u00bb) les donn\u00e9es personnelles conserv\u00e9es, au motif que les d\u00e9tails de ces donn\u00e9es permettant d\u2019identifier le demandeur ne sont pas exacts, la Soci\u00e9t\u00e9 doit, sauf lorsqu\u2019une proc\u00e9dure de correction sp\u00e9ciale est impos\u00e9e par la loi ou r\u00e8glement, mener toutes les enqu\u00eates n\u00e9cessaires sans d\u00e9lai et dans la mesure n\u00e9cessaire pour r\u00e9aliser les objectifs d\u2019utilisation des donn\u00e9es en question. \u00c0 l\u2019issue de ces enqu\u00eates, si la Soci\u00e9t\u00e9 d\u00e9cide d\u2019accepter la demande en proc\u00e9dant \u00e0 la correction, etc. du tout ou partie des donn\u00e9es conserv\u00e9es, la Soci\u00e9t\u00e9 doit en informer le demandeur sans d\u00e9lai. Si la Soci\u00e9t\u00e9 d\u00e9cide de ne pas accepter la demande, elle doit en informer le demandeur sans d\u00e9lai et avec le motif du refus.  <\/p>  \n                <h4 class=\"p-privacyPolicy__h4Title\">3) Suppression <\/h4>\n                <p class=\"p-privacyPolicy__text\">Lorsqu\u2019il est demand\u00e9 \u00e0 la Soci\u00e9t\u00e9 de supprimer les donn\u00e9es personnelles conserv\u00e9es qui permettent d\u2019identifier le demandeur, la Soci\u00e9t\u00e9 doit mener toutes les enqu\u00eates n\u00e9cessaires sans d\u00e9lai afin de v\u00e9rifier si ces donn\u00e9es ne sont pas n\u00e9cessaires pour r\u00e9aliser les objectifs d\u2019utilisation. \u00c0 l\u2019issue de ces enqu\u00eates, si la Soci\u00e9t\u00e9 d\u00e9cide d\u2019accepter la demande en supprimant tout ou partie des donn\u00e9es conserv\u00e9es, elle doit en informer le demandeur sans d\u00e9lai. Si la Soci\u00e9t\u00e9 d\u00e9cide de ne pas accepter la demande, elle doit en informer le demandeur sans d\u00e9lai et avec le motif du refus.  <\/p>  \n                <h4 class=\"p-privacyPolicy__h4Title\">4) Suspension d\u2019utilisation<\/h4>\n                <p class=\"p-privacyPolicy__text\">Lorsqu\u2019il est demand\u00e9 \u00e0 la Soci\u00e9t\u00e9 de suspendre l\u2019utilisation des donn\u00e9es conserv\u00e9es, d\u2019effacer ou de suspendre leur mise \u00e0 la disposition d\u2019un tiers (ci-apr\u00e8s \u00ab la suspension d\u2019utilisation, etc.), elle doit mener toutes les enqu\u00eates n\u00e9cessaires sans d\u00e9lai afin de d\u00e9terminer si la demande est justifi\u00e9e. \u00c0 l\u2019issue de ces enqu\u00eates, si la Soci\u00e9t\u00e9 d\u00e9cide d\u2019accepter la demande en suspendant l\u2019utilisation de tout ou partie des donn\u00e9es conserv\u00e9es, elle doit en informer le demandeur sans d\u00e9lai. Si la Soci\u00e9t\u00e9 d\u00e9cide de ne pas accepter la demande, elle doit en informer le demandeur sans d\u00e9lai et avec le motif du refus.  <\/p>   \n                <h4 class=\"p-privacyPolicy__h4Title\">5) Portabilit\u00e9 des donn\u00e9es<\/h4>\n                <p class=\"p-privacyPolicy__text\">Sous r\u00e9serve que les conditions l\u00e9gales soient remplies, la Soci\u00e9t\u00e9 transmettra les donn\u00e9es personnelles du demandeur \u00e0 tout destinataire indiqu\u00e9 par le demandeur, en formats structur\u00e9s et g\u00e9n\u00e9ralement utilis\u00e9s qui sont lisibles par machine. La Soci\u00e9t\u00e9 transmettra ces donn\u00e9es \u00e0 un autre responsable des donn\u00e9es, si ceci est techniquement possible. Si la Soci\u00e9t\u00e9 d\u00e9cide de ne pas accepter la demande de transfert, elle doit en informer le demandeur sans d\u00e9lai et avec le motif du refus.  <\/p>\n                <h4 class=\"p-privacyPolicy__h4Title\">\u3010Modalit\u00e9 de demande\u3011<\/h4>\n                <p class=\"p-privacyPolicy__text\">Les demandes pr\u00e9vues ci-dessus doivent \u00eatre pr\u00e9sent\u00e9es sur la formule de demande disponible sur le site Web de International Europe (https:\/\/www.valuence.inc\/en\/contact\/).<\/p>\n                <h4 class=\"p-privacyPolicy__h4Title\">\u3010Coordonn\u00e9es pour demande de renseignements \u3011<\/h4>\n                <p class=\"p-privacyPolicy__text\">Pour toute question concernant la protection des informations personnelles mise en place par la Soci\u00e9t\u00e9, contacter :<\/p>  \n                <p class=\"p-privacyPolicy__tableName\">< Personal Information Office (Service des informations personnelles), ALLU Europe S.A.S ><\/p>\n                <table class=\"p-privacyPolicy__table\">\n                  <tbody>\n                    <tr>\n                      <th class=\"p-privacyPolicy__th\">TEL<\/th>\n<td class=\"p-privacyPolicy__td\">+33 (0)1 81 69 81 39<\/td>\n                    <\/tr>\n                    <tr>\n                      <th class=\"p-privacyPolicy__th\">E-mail<\/th>\n<td class=\"p-privacyPolicy__td\">valuence-france@valuence.inc<\/td>\n                    <\/tr>\n                    <tr>\n                      <th class=\"p-privacyPolicy__th\">Heures d&#8217;\nouverture<\/th><br class=\"u-onlySp\"\/><td class=\"p-privacyPolicy__td\">Du lundi au samedi de 11h \u00e0 19h<\/td>\n                    <\/tr>\n                  <\/tbody>\n                <\/table>  \n                <h3 class=\"p-privacyPolicy__h3Title\">11. Avis sur les donn\u00e9es personnelles<\/h3>\n                <p class=\"p-privacyPolicy__text\">1) Sous r\u00e9serve que les conditions l\u00e9gales relatives aux circonstances sp\u00e9cifiques soient satisfaites, le client a le droit de d\u00e9poser des objections contre le traitement de ses donn\u00e9es personnelles conserv\u00e9es par la Soci\u00e9t\u00e9. Lorsqu\u2019une objection est d\u00e9pos\u00e9e avec une p\u00e9tition conforme aux conditions l\u00e9gales, la Soci\u00e9t\u00e9 doit supprimer ou suspendre l\u2019utilisation de tout ou partie des donn\u00e9es personnelles conserv\u00e9es, et en informer le demandeur sans d\u00e9lai. Si la Soci\u00e9t\u00e9 d\u00e9cide de ne prendre aucune mesure (comme suspension d\u2019utilisation) suite \u00e0 une objection d\u00e9pos\u00e9e par le client, elle doit en informer le client sans d\u00e9lai et avec le motif de sa d\u00e9cision.  <\/p>\n                <p class=\"p-privacyPolicy__text\">2) Les clients ont le droit de d\u00e9poser des plaintes sur le traitement de leurs donn\u00e9es personnelles par la Soci\u00e9t\u00e9 directement aupr\u00e8s de l\u2019autorit\u00e9 de contr\u00f4le de l\u2019\u00c9tat membre de l\u2019UE\/l\u2019EEE o\u00f9 ils\/elles r\u00e9sident ou travaillent, ou dans lequel leurs donn\u00e9es personnelles auraient fait l\u2019objet d\u2019une usurpation. Pour conna\u00eetre le d\u00e9tail de cette proc\u00e9dure, les clients doivent contacter les autorit\u00e9s de contr\u00f4le respectives. <\/p>\n                <p class=\"p-privacyPolicy__text\">* La pr\u00e9sente Politique de Confidentialit\u00e9 ne s\u2019applique qu\u2019aux r\u00e9sidents de l\u2019Espace \u00e9conomique europ\u00e9en (EEE). Les non-r\u00e9sidents de l\u2019EEE sont invit\u00e9s \u00e0 se reporter \u00e0 notre Politique de confidentialit\u00e9 qui couvre les dispositions leur concernant. <\/p>\n              <\/section>\n","protected":false},"excerpt":{"rendered":"<p>Politique de confidentialit\u00e9 ALLU Europe S.A.S (ci-apr\u00e8s \u00ab la Soci\u00e9t\u00e9 \u00bb) traite les donn\u00e9es personnelles de ses clients dans les conditions pr\u00e9vues ci-dessous, et ce, en conformit\u00e9 avec les dispositions du R\u00e8glement g\u00e9n\u00e9ral europ\u00e9en sur la protection des donn\u00e9es personnelles (ci-apr\u00e8s \u00ab le RGPD \u00bb). 1. Gestion et protection des donn\u00e9es personnelles La Soci\u00e9t\u00e9 assure [&hellip;]<\/p>\n","protected":false},"author":5,"featured_media":0,"parent":0,"menu_order":0,"comment_status":"closed","ping_status":"closed","template":"","meta":{"_acf_changed":false,"footnotes":""},"class_list":["post-12369","page","type-page","status-publish","hentry"],"acf":[],"aioseo_notices":[],"_links":{"self":[{"href":"https:\/\/sell-fr.allu-official.com\/it\/wp-json\/wp\/v2\/pages\/12369","targetHints":{"allow":["GET"]}}],"collection":[{"href":"https:\/\/sell-fr.allu-official.com\/it\/wp-json\/wp\/v2\/pages"}],"about":[{"href":"https:\/\/sell-fr.allu-official.com\/it\/wp-json\/wp\/v2\/types\/page"}],"author":[{"embeddable":true,"href":"https:\/\/sell-fr.allu-official.com\/it\/wp-json\/wp\/v2\/users\/5"}],"replies":[{"embeddable":true,"href":"https:\/\/sell-fr.allu-official.com\/it\/wp-json\/wp\/v2\/comments?post=12369"}],"version-history":[{"count":2,"href":"https:\/\/sell-fr.allu-official.com\/it\/wp-json\/wp\/v2\/pages\/12369\/revisions"}],"predecessor-version":[{"id":12515,"href":"https:\/\/sell-fr.allu-official.com\/it\/wp-json\/wp\/v2\/pages\/12369\/revisions\/12515"}],"wp:attachment":[{"href":"https:\/\/sell-fr.allu-official.com\/it\/wp-json\/wp\/v2\/media?parent=12369"}],"curies":[{"name":"wp","href":"https:\/\/api.w.org\/{rel}","templated":true}]}}